{"id":165,"date":"2023-06-20T22:36:50","date_gmt":"2023-06-20T20:36:50","guid":{"rendered":"https:\/\/ecolemusiquetradvendee.fr\/?page_id=165"},"modified":"2025-08-16T18:48:52","modified_gmt":"2025-08-16T16:48:52","slug":"sinscrire","status":"publish","type":"page","link":"https:\/\/ecolemusiquetradvendee.fr\/index.php\/notre-ecole\/sinscrire\/","title":{"rendered":"S&rsquo;inscrire"},"content":{"rendered":"<p style=\"text-align: center;\"><a class=\"maxbutton-4 maxbutton maxbutton-l-ecole-de-musique\" href=\"https:\/\/ecolemusiquetradvendee.fr\/index.php\/notre-ecole\/qui-sommes-nous-2\/\"><span class='mb-text'>L&#039;\u00c9cole de Musique<\/span><\/a> \u00a0| <a class=\"maxbutton-5 maxbutton maxbutton-nos-cours\" href=\"https:\/\/ecolemusiquetradvendee.fr\/index.php\/notre-ecole\/cours-musique-chant\/\"><span class='mb-text'>Nos Cours de Musique et Chant<\/span><\/a> | <a class=\"maxbutton-6 maxbutton maxbutton-nos-professeurs\" href=\"https:\/\/ecolemusiquetradvendee.fr\/index.php\/notre-ecole\/nos-professeurs\/\"><span class='mb-text'>Nos Professeurs<\/span><\/a><\/p>\n<p>&nbsp;<\/p>\n<p>&nbsp;<\/p>\n<h3><strong>Les inscriptions aux cours de musique et chant traditionnels se font directement aupr\u00e8s de nos 3 antennes d&rsquo;enseignement :<\/strong><\/h3>\n<p>&nbsp;<\/p>\n<p>&nbsp;<\/p>\n<p><a href=\"https:\/\/arexcpo-envendee.fr\/conservatoire-de-musiques-et-danses-traditionnelles\/\" target=\"_blank\" rel=\"noopener\"><img loading=\"lazy\" decoding=\"async\" class=\"alignleft wp-image-77 size-full\" src=\"https:\/\/ecolemusiquetradvendee.fr\/wp-content\/uploads\/2023\/06\/logo_arexcpo.jpg\" alt=\"\" width=\"150\" height=\"150\" \/><\/a><\/p>\n<h5><strong>Conservatoire de Musiques et Danses Traditionnelles\u00a0<\/strong><\/h5>\n<p>T\u00e9l. : 06 45 75 30 03<br \/>\nMail :\u00a0<a href=\"mailto:conservatoire.arexcpo@gmail.com\" target=\"_blank\" rel=\"noopener\">conservatoire.arexcpo@gmail.com<\/a><br \/>\nSite internet : <a href=\"https:\/\/arexcpo-envendee.fr\/conservatoire-de-musiques-et-danses-traditionnelles\/\" target=\"_blank\" rel=\"noopener\">https:\/\/arexcpo-envendee.fr\/conservatoire-de-musiques-et-danses-traditionnelles\/<\/a><\/p>\n<p>&nbsp;<\/p>\n<hr \/>\n<p>&nbsp;<\/p>\n<p><a href=\"https:\/\/www.dactrad.fr\/\" target=\"_blank\" rel=\"noopener\"><img loading=\"lazy\" decoding=\"async\" class=\"alignleft wp-image-78 size-full\" src=\"https:\/\/ecolemusiquetradvendee.fr\/wp-content\/uploads\/2023\/06\/logo_dactrad.jpg\" alt=\"\" width=\"150\" height=\"150\" \/><\/a><\/p>\n<h5><strong>D.A.C.TRAD<\/strong><\/h5>\n<p>T\u00e9l. : 06 68 63 53 05<br \/>\nMail : <a href=\"mailto:dactrad@orange.fr\" target=\"_blank\" rel=\"noopener\">dactrad@orange.fr<\/a><br \/>\nSite internet : <a href=\"https:\/\/www.dactrad.fr\/\" target=\"_blank\" rel=\"noopener\">https:\/\/www.dactrad.fr\/<\/a><\/p>\n<p>&nbsp;<\/p>\n<p>&nbsp;<\/p>\n<hr \/>\n<p>&nbsp;<\/p>\n<p><a href=\"https:\/\/lesjoyeuxvendeens.fr\/\" target=\"_blank\" rel=\"noopener\"><img loading=\"lazy\" decoding=\"async\" class=\"alignleft wp-image-212 size-full\" src=\"https:\/\/ecolemusiquetradvendee.fr\/wp-content\/uploads\/2023\/06\/Logo-JV-60ans.png\" alt=\"\" width=\"150\" height=\"150\" \/><\/a><\/p>\n<h5><strong>Les Joyeux Vend\u00e9ens du Boup\u00e8re<\/strong><\/h5>\n<p>T\u00e9l. : 06 22 00 46 54 et 06 61 47 55 73<br \/>\nMail : <a href=\"mailto:contact@lesjoyeuxvendeens.fr\" target=\"_blank\" rel=\"noopener\">contact@lesjoyeuxvendeens.fr<\/a><br \/>\nSite internet : <a href=\"https:\/\/lesjoyeuxvendeens.fr\/\" target=\"_blank\" rel=\"noopener\">https:\/\/lesjoyeuxvendeens.fr\/<\/a><\/p>\n<p>&nbsp;<\/p>\n<p>&nbsp;<\/p>\n<p>&nbsp;<\/p>\n<p style=\"text-align: center;\"><a class=\"maxbutton-4 maxbutton maxbutton-l-ecole-de-musique\" href=\"https:\/\/ecolemusiquetradvendee.fr\/index.php\/notre-ecole\/qui-sommes-nous-2\/\"><span class='mb-text'>L&#039;\u00c9cole de Musique<\/span><\/a> \u00a0| <a class=\"maxbutton-5 maxbutton maxbutton-nos-cours\" href=\"https:\/\/ecolemusiquetradvendee.fr\/index.php\/notre-ecole\/cours-musique-chant\/\"><span class='mb-text'>Nos Cours de Musique et Chant<\/span><\/a> | <a class=\"maxbutton-6 maxbutton maxbutton-nos-professeurs\" href=\"https:\/\/ecolemusiquetradvendee.fr\/index.php\/notre-ecole\/nos-professeurs\/\"><span class='mb-text'>Nos Professeurs<\/span><\/a><\/p>\n","protected":false},"excerpt":{"rendered":"<p>\u00a0| | &nbsp; &nbsp; Les inscriptions aux cours de musique et chant traditionnels se font directement aupr\u00e8s de nos 3 antennes d&rsquo;enseignement : &nbsp; &nbsp; Conservatoire de Musiques et Danses Traditionnelles\u00a0 T\u00e9l. : 06 45 75 30 03 Mail :\u00a0conservatoire.arexcpo@gmail.com Site internet : https:\/\/arexcpo-envendee.fr\/conservatoire-de-musiques-et-danses-traditionnelles\/ &nbsp; &nbsp; D.A.C.TRAD T\u00e9l. : 06 68 63 53 05 Mail [&hellip;]<\/p>\n","protected":false},"author":1,"featured_media":0,"parent":21,"menu_order":0,"comment_status":"closed","ping_status":"closed","template":"","meta":{"footnotes":""},"class_list":["post-165","page","type-page","status-publish","hentry"],"yoast_head":"<!-- This site is optimized with the Yoast SEO plugin v27.1.1 - https:\/\/yoast.com\/product\/yoast-seo-wordpress\/ -->\n<title>S&#039;inscrire - F\u00e9d\u00e9ration de l&#039;Ecole D\u00e9partementale de Musique Traditionnelle en Vend\u00e9e<\/title>\n<meta name=\"description\" content=\"Les inscriptions aux cours de musique et chant traditionnels se font directement aupr\u00e8s de nos 3 antennes d&#039;enseignement.\" \/>\n<meta name=\"robots\" content=\"index, follow, max-snippet:-1, max-image-preview:large, max-video-preview:-1\" \/>\n<link rel=\"canonical\" href=\"https:\/\/ecolemusiquetradvendee.fr\/index.php\/notre-ecole\/sinscrire\/\" \/>\n<meta property=\"og:locale\" content=\"fr_FR\" \/>\n<meta property=\"og:type\" content=\"article\" \/>\n<meta property=\"og:title\" content=\"S&#039;inscrire - F\u00e9d\u00e9ration de l&#039;Ecole D\u00e9partementale de Musique Traditionnelle en Vend\u00e9e\" \/>\n<meta property=\"og:description\" content=\"Les inscriptions aux cours de musique et chant traditionnels se font directement aupr\u00e8s de nos 3 antennes d&#039;enseignement.\" \/>\n<meta property=\"og:url\" content=\"https:\/\/ecolemusiquetradvendee.fr\/index.php\/notre-ecole\/sinscrire\/\" \/>\n<meta property=\"og:site_name\" content=\"F\u00e9d\u00e9ration de l&#039;Ecole D\u00e9partementale de Musique Traditionnelle en Vend\u00e9e\" \/>\n<meta property=\"article:publisher\" content=\"https:\/\/www.facebook.com\/EDMTV85\" \/>\n<meta property=\"article:modified_time\" content=\"2025-08-16T16:48:52+00:00\" \/>\n<meta property=\"og:image\" content=\"https:\/\/ecolemusiquetradvendee.fr\/wp-content\/uploads\/2023\/06\/logo_arexcpo.jpg\" \/>\n\t<meta property=\"og:image:width\" content=\"150\" \/>\n\t<meta property=\"og:image:height\" content=\"150\" \/>\n\t<meta property=\"og:image:type\" content=\"image\/jpeg\" \/>\n<meta name=\"twitter:card\" content=\"summary_large_image\" \/>\n<meta name=\"twitter:label1\" content=\"Dur\u00e9e de lecture estim\u00e9e\" \/>\n\t<meta name=\"twitter:data1\" content=\"2 minutes\" \/>\n<script type=\"application\/ld+json\" class=\"yoast-schema-graph\">{\"@context\":\"https:\/\/schema.org\",\"@graph\":[{\"@type\":\"WebPage\",\"@id\":\"https:\/\/ecolemusiquetradvendee.fr\/index.php\/notre-ecole\/sinscrire\/\",\"url\":\"https:\/\/ecolemusiquetradvendee.fr\/index.php\/notre-ecole\/sinscrire\/\",\"name\":\"S'inscrire - F\u00e9d\u00e9ration de l&#039;Ecole D\u00e9partementale de Musique Traditionnelle en Vend\u00e9e\",\"isPartOf\":{\"@id\":\"https:\/\/ecolemusiquetradvendee.fr\/#website\"},\"primaryImageOfPage\":{\"@id\":\"https:\/\/ecolemusiquetradvendee.fr\/index.php\/notre-ecole\/sinscrire\/#primaryimage\"},\"image\":{\"@id\":\"https:\/\/ecolemusiquetradvendee.fr\/index.php\/notre-ecole\/sinscrire\/#primaryimage\"},\"thumbnailUrl\":\"https:\/\/ecolemusiquetradvendee.fr\/wp-content\/uploads\/2023\/06\/logo_arexcpo.jpg\",\"datePublished\":\"2023-06-20T20:36:50+00:00\",\"dateModified\":\"2025-08-16T16:48:52+00:00\",\"description\":\"Les inscriptions aux cours de musique et chant traditionnels se font directement aupr\u00e8s de nos 3 antennes d'enseignement.\",\"breadcrumb\":{\"@id\":\"https:\/\/ecolemusiquetradvendee.fr\/index.php\/notre-ecole\/sinscrire\/#breadcrumb\"},\"inLanguage\":\"fr-FR\",\"potentialAction\":[{\"@type\":\"ReadAction\",\"target\":[\"https:\/\/ecolemusiquetradvendee.fr\/index.php\/notre-ecole\/sinscrire\/\"]}]},{\"@type\":\"ImageObject\",\"inLanguage\":\"fr-FR\",\"@id\":\"https:\/\/ecolemusiquetradvendee.fr\/index.php\/notre-ecole\/sinscrire\/#primaryimage\",\"url\":\"https:\/\/ecolemusiquetradvendee.fr\/wp-content\/uploads\/2023\/06\/logo_arexcpo.jpg\",\"contentUrl\":\"https:\/\/ecolemusiquetradvendee.fr\/wp-content\/uploads\/2023\/06\/logo_arexcpo.jpg\",\"width\":150,\"height\":150},{\"@type\":\"BreadcrumbList\",\"@id\":\"https:\/\/ecolemusiquetradvendee.fr\/index.php\/notre-ecole\/sinscrire\/#breadcrumb\",\"itemListElement\":[{\"@type\":\"ListItem\",\"position\":1,\"name\":\"Accueil\",\"item\":\"https:\/\/ecolemusiquetradvendee.fr\/\"},{\"@type\":\"ListItem\",\"position\":2,\"name\":\"L&rsquo;\u00e9cole de Musique\",\"item\":\"https:\/\/ecolemusiquetradvendee.fr\/index.php\/notre-ecole\/\"},{\"@type\":\"ListItem\",\"position\":3,\"name\":\"S&rsquo;inscrire\"}]},{\"@type\":\"WebSite\",\"@id\":\"https:\/\/ecolemusiquetradvendee.fr\/#website\",\"url\":\"https:\/\/ecolemusiquetradvendee.fr\/\",\"name\":\"ecolemusiquetradvendee.fr\",\"description\":\"\",\"publisher\":{\"@id\":\"https:\/\/ecolemusiquetradvendee.fr\/#organization\"},\"potentialAction\":[{\"@type\":\"SearchAction\",\"target\":{\"@type\":\"EntryPoint\",\"urlTemplate\":\"https:\/\/ecolemusiquetradvendee.fr\/?s={search_term_string}\"},\"query-input\":{\"@type\":\"PropertyValueSpecification\",\"valueRequired\":true,\"valueName\":\"search_term_string\"}}],\"inLanguage\":\"fr-FR\"},{\"@type\":\"Organization\",\"@id\":\"https:\/\/ecolemusiquetradvendee.fr\/#organization\",\"name\":\"F\u00e9d\u00e9ration de l'Ecole D\u00e9partementale de Musique Traditionnelle en Vend\u00e9e\",\"url\":\"https:\/\/ecolemusiquetradvendee.fr\/\",\"logo\":{\"@type\":\"ImageObject\",\"inLanguage\":\"fr-FR\",\"@id\":\"https:\/\/ecolemusiquetradvendee.fr\/#\/schema\/logo\/image\/\",\"url\":\"https:\/\/ecolemusiquetradvendee.fr\/wp-content\/uploads\/2023\/06\/cropped-cropped-logo_fede_V2-e1686778642970.jpg\",\"contentUrl\":\"https:\/\/ecolemusiquetradvendee.fr\/wp-content\/uploads\/2023\/06\/cropped-cropped-logo_fede_V2-e1686778642970.jpg\",\"width\":200,\"height\":200,\"caption\":\"F\u00e9d\u00e9ration de l'Ecole D\u00e9partementale de Musique Traditionnelle en Vend\u00e9e\"},\"image\":{\"@id\":\"https:\/\/ecolemusiquetradvendee.fr\/#\/schema\/logo\/image\/\"},\"sameAs\":[\"https:\/\/www.facebook.com\/EDMTV85\"]}]}<\/script>\n<!-- \/ Yoast SEO plugin. -->","yoast_head_json":{"title":"S'inscrire - F\u00e9d\u00e9ration de l&#039;Ecole D\u00e9partementale de Musique Traditionnelle en Vend\u00e9e","description":"Les inscriptions aux cours de musique et chant traditionnels se font directement aupr\u00e8s de nos 3 antennes d'enseignement.","robots":{"index":"index","follow":"follow","max-snippet":"max-snippet:-1","max-image-preview":"max-image-preview:large","max-video-preview":"max-video-preview:-1"},"canonical":"https:\/\/ecolemusiquetradvendee.fr\/index.php\/notre-ecole\/sinscrire\/","og_locale":"fr_FR","og_type":"article","og_title":"S'inscrire - F\u00e9d\u00e9ration de l&#039;Ecole D\u00e9partementale de Musique Traditionnelle en Vend\u00e9e","og_description":"Les inscriptions aux cours de musique et chant traditionnels se font directement aupr\u00e8s de nos 3 antennes d'enseignement.","og_url":"https:\/\/ecolemusiquetradvendee.fr\/index.php\/notre-ecole\/sinscrire\/","og_site_name":"F\u00e9d\u00e9ration de l&#039;Ecole D\u00e9partementale de Musique Traditionnelle en Vend\u00e9e","article_publisher":"https:\/\/www.facebook.com\/EDMTV85","article_modified_time":"2025-08-16T16:48:52+00:00","og_image":[{"width":150,"height":150,"url":"https:\/\/ecolemusiquetradvendee.fr\/wp-content\/uploads\/2023\/06\/logo_arexcpo.jpg","type":"image\/jpeg"}],"twitter_card":"summary_large_image","twitter_misc":{"Dur\u00e9e de lecture estim\u00e9e":"2 minutes"},"schema":{"@context":"https:\/\/schema.org","@graph":[{"@type":"WebPage","@id":"https:\/\/ecolemusiquetradvendee.fr\/index.php\/notre-ecole\/sinscrire\/","url":"https:\/\/ecolemusiquetradvendee.fr\/index.php\/notre-ecole\/sinscrire\/","name":"S'inscrire - F\u00e9d\u00e9ration de l&#039;Ecole D\u00e9partementale de Musique Traditionnelle en Vend\u00e9e","isPartOf":{"@id":"https:\/\/ecolemusiquetradvendee.fr\/#website"},"primaryImageOfPage":{"@id":"https:\/\/ecolemusiquetradvendee.fr\/index.php\/notre-ecole\/sinscrire\/#primaryimage"},"image":{"@id":"https:\/\/ecolemusiquetradvendee.fr\/index.php\/notre-ecole\/sinscrire\/#primaryimage"},"thumbnailUrl":"https:\/\/ecolemusiquetradvendee.fr\/wp-content\/uploads\/2023\/06\/logo_arexcpo.jpg","datePublished":"2023-06-20T20:36:50+00:00","dateModified":"2025-08-16T16:48:52+00:00","description":"Les inscriptions aux cours de musique et chant traditionnels se font directement aupr\u00e8s de nos 3 antennes d'enseignement.","breadcrumb":{"@id":"https:\/\/ecolemusiquetradvendee.fr\/index.php\/notre-ecole\/sinscrire\/#breadcrumb"},"inLanguage":"fr-FR","potentialAction":[{"@type":"ReadAction","target":["https:\/\/ecolemusiquetradvendee.fr\/index.php\/notre-ecole\/sinscrire\/"]}]},{"@type":"ImageObject","inLanguage":"fr-FR","@id":"https:\/\/ecolemusiquetradvendee.fr\/index.php\/notre-ecole\/sinscrire\/#primaryimage","url":"https:\/\/ecolemusiquetradvendee.fr\/wp-content\/uploads\/2023\/06\/logo_arexcpo.jpg","contentUrl":"https:\/\/ecolemusiquetradvendee.fr\/wp-content\/uploads\/2023\/06\/logo_arexcpo.jpg","width":150,"height":150},{"@type":"BreadcrumbList","@id":"https:\/\/ecolemusiquetradvendee.fr\/index.php\/notre-ecole\/sinscrire\/#breadcrumb","itemListElement":[{"@type":"ListItem","position":1,"name":"Accueil","item":"https:\/\/ecolemusiquetradvendee.fr\/"},{"@type":"ListItem","position":2,"name":"L&rsquo;\u00e9cole de Musique","item":"https:\/\/ecolemusiquetradvendee.fr\/index.php\/notre-ecole\/"},{"@type":"ListItem","position":3,"name":"S&rsquo;inscrire"}]},{"@type":"WebSite","@id":"https:\/\/ecolemusiquetradvendee.fr\/#website","url":"https:\/\/ecolemusiquetradvendee.fr\/","name":"ecolemusiquetradvendee.fr","description":"","publisher":{"@id":"https:\/\/ecolemusiquetradvendee.fr\/#organization"},"potentialAction":[{"@type":"SearchAction","target":{"@type":"EntryPoint","urlTemplate":"https:\/\/ecolemusiquetradvendee.fr\/?s={search_term_string}"},"query-input":{"@type":"PropertyValueSpecification","valueRequired":true,"valueName":"search_term_string"}}],"inLanguage":"fr-FR"},{"@type":"Organization","@id":"https:\/\/ecolemusiquetradvendee.fr\/#organization","name":"F\u00e9d\u00e9ration de l'Ecole D\u00e9partementale de Musique Traditionnelle en Vend\u00e9e","url":"https:\/\/ecolemusiquetradvendee.fr\/","logo":{"@type":"ImageObject","inLanguage":"fr-FR","@id":"https:\/\/ecolemusiquetradvendee.fr\/#\/schema\/logo\/image\/","url":"https:\/\/ecolemusiquetradvendee.fr\/wp-content\/uploads\/2023\/06\/cropped-cropped-logo_fede_V2-e1686778642970.jpg","contentUrl":"https:\/\/ecolemusiquetradvendee.fr\/wp-content\/uploads\/2023\/06\/cropped-cropped-logo_fede_V2-e1686778642970.jpg","width":200,"height":200,"caption":"F\u00e9d\u00e9ration de l'Ecole D\u00e9partementale de Musique Traditionnelle en Vend\u00e9e"},"image":{"@id":"https:\/\/ecolemusiquetradvendee.fr\/#\/schema\/logo\/image\/"},"sameAs":["https:\/\/www.facebook.com\/EDMTV85"]}]}},"_links":{"self":[{"href":"https:\/\/ecolemusiquetradvendee.fr\/index.php\/wp-json\/wp\/v2\/pages\/165","targetHints":{"allow":["GET"]}}],"collection":[{"href":"https:\/\/ecolemusiquetradvendee.fr\/index.php\/wp-json\/wp\/v2\/pages"}],"about":[{"href":"https:\/\/ecolemusiquetradvendee.fr\/index.php\/wp-json\/wp\/v2\/types\/page"}],"author":[{"embeddable":true,"href":"https:\/\/ecolemusiquetradvendee.fr\/index.php\/wp-json\/wp\/v2\/users\/1"}],"replies":[{"embeddable":true,"href":"https:\/\/ecolemusiquetradvendee.fr\/index.php\/wp-json\/wp\/v2\/comments?post=165"}],"version-history":[{"count":9,"href":"https:\/\/ecolemusiquetradvendee.fr\/index.php\/wp-json\/wp\/v2\/pages\/165\/revisions"}],"predecessor-version":[{"id":4136,"href":"https:\/\/ecolemusiquetradvendee.fr\/index.php\/wp-json\/wp\/v2\/pages\/165\/revisions\/4136"}],"up":[{"embeddable":true,"href":"https:\/\/ecolemusiquetradvendee.fr\/index.php\/wp-json\/wp\/v2\/pages\/21"}],"wp:attachment":[{"href":"https:\/\/ecolemusiquetradvendee.fr\/index.php\/wp-json\/wp\/v2\/media?parent=165"}],"curies":[{"name":"wp","href":"https:\/\/api.w.org\/{rel}","templated":true}]}}