{"id":167,"date":"2023-06-20T22:36:50","date_gmt":"2023-06-20T20:36:50","guid":{"rendered":"https:\/\/ecolemusiquetradvendee.fr\/?page_id=167"},"modified":"2025-08-16T18:48:53","modified_gmt":"2025-08-16T16:48:53","slug":"les-cahiers-de-repertoire","status":"publish","type":"page","link":"https:\/\/ecolemusiquetradvendee.fr\/index.php\/mustrad\/les-cahiers-de-repertoire\/","title":{"rendered":"Les Cahiers de R\u00e9pertoire Musical jou\u00e9, dans\u00e9 et chant\u00e9 en Vend\u00e9e"},"content":{"rendered":"<p style=\"text-align: center;\"><a class=\"maxbutton-10 maxbutton maxbutton-les-cahiers-de-repertoire\" href=\"https:\/\/ecolemusiquetradvendee.fr\/index.php\/mustrad\/les-cahiers-de-repertoire\/\"><span class='mb-text'>Les Cahiers de R\u00e9pertoire<\/span><\/a> | <a class=\"maxbutton-11 maxbutton maxbutton-la-plateforme-musicale\" href=\"https:\/\/ecolemusiquetradvendee.fr\/index.php\/mustrad\/la-plateforme-musicale\/\"><span class='mb-text'>La Plateforme Musicale<\/span><\/a><\/p>\n<p>&nbsp;<\/p>\n<p>&nbsp;<\/p>\n<p>Pendant 10 ans, l&rsquo;Ecole D\u00e9partementale de Musique Traditionnelle en Vend\u00e9e a co\u00e9dit\u00e9 avec <a href=\"https:\/\/opci-ethnodoc.fr\/\" target=\"_blank\" rel=\"noopener\">OPCI-EthnoDoc<\/a> et Vend\u00e9e Patrimoine, des <em>cahiers de r\u00e9pertoire musical jou\u00e9, dans\u00e9 et chant\u00e9 en Vend\u00e9e<\/em>, \u00e9largis aux d\u00e9partements des Pays de la Loire.<\/p>\n<p>&nbsp;<\/p>\n<p>Ils ont \u00e9t\u00e9 r\u00e9alis\u00e9s en collaboration avec <a href=\"https:\/\/arexcpo-envendee.fr\/\" target=\"_blank\" rel=\"noopener\">Arexcpo en Vend\u00e9e<\/a>, <a href=\"https:\/\/www.dactrad.fr\/index.php\" target=\"_blank\" rel=\"noopener\">D.A.C.Trad<\/a>, <a href=\"https:\/\/lesjoyeuxvendeens.fr\/ecole-de-musique-traditionnelle\/\" target=\"_blank\" rel=\"noopener\">Joyeux Vend\u00e9ens du Boup\u00e8re<\/a> <strong>\u00e0 partir des collectes de ces associations aupr\u00e8s des musiciens et chanteurs traditionnels de Vend\u00e9e<\/strong>. Jean-Pierre Bertrand en a assur\u00e9 la coordination et l\u2019OPCI-EthnoDoc la mise en page.<\/p>\n<p>&nbsp;<\/p>\n<p><span class=\"ff1 cf0 fs22\">Ces cahiers poursuivaient plusieurs objectifs :<\/span><\/p>\n<ul>\n<li><strong><span class=\"ff1 cf0 fs22\">diffuser les pi\u00e8ces du r\u00e9pertoire traditionnel,<\/span><\/strong><\/li>\n<li><strong><span class=\"ff1 cf0 fs22\">rendre hommage aux t\u00e9moins musiciens du pass\u00e9,<\/span><\/strong><\/li>\n<li><strong><span class=\"ff1 cf0 fs22\">apporter de la connaissance sur l&rsquo;histoire de la musique populaire et de la danse,<\/span><\/strong><\/li>\n<li><strong><span class=\"ff1 cf0 fs22\">faire le lien avec les musiciens et danseurs contemporains \u00e0 travers des portraits.<\/span><\/strong><\/li>\n<\/ul>\n<p>&nbsp;<\/p>\n<p>Ils sont \u00e9galement des <strong>outils de transmission d&rsquo;un r\u00e9pertoire aupr\u00e8s des artistes actuels ou des personnes en cours d&rsquo;apprentissage<\/strong>. Ces Cahiers, avec leurs partitions anim\u00e9es, les textes et illustrations, sont un moyen pour faire conna\u00eetre un patrimoine musical. Les recherches qu&rsquo;ils ont n\u00e9cessit\u00e9es ont oblig\u00e9 \u00e0 rouvrir des dossiers, r\u00e9\u00e9couter des enregistrements, questionner des m\u00e9moires.<\/p>\n<p>&nbsp;<\/p>\n<p>Cette publication a fait l\u2019objet pendant 10 ans d\u2019un <em>soutien du D\u00e9partement de la Vend\u00e9e<\/em> et elle s&rsquo;est achev\u00e9e en 2020 apr\u00e8s l&rsquo;\u00e9dition de <strong>20 cahiers de r\u00e9pertoire musical jou\u00e9, dans\u00e9 et chant\u00e9 en Vend\u00e9e et 2 hors-s\u00e9ries sur Le Big Band Trad&rsquo; de Vend\u00e9e et Les Rondes Chant\u00e9es en Vend\u00e9e<\/strong> !<\/p>\n<p>&nbsp;<\/p>\n<blockquote><p>Les cahiers sont toujours disponibles \u00e0 la vente, <strong>au prix de 15 \u20ac l&rsquo;unit\u00e9<\/strong>, aupr\u00e8s de la <strong>boutique en ligne de l&rsquo;OPCI-EthnoDoc<\/strong> \u00ab\u00a0<a href=\"https:\/\/boutique.memoires-entrelacees.fr\/15-cahier-de-repertoire-musical-joue-en-vendee\" target=\"_blank\" rel=\"noopener\">M\u00e9moires Entrelac\u00e9es<\/a>\u00ab\u00a0.<\/p><\/blockquote>\n<p>&nbsp;<\/p>\n<p><img loading=\"lazy\" decoding=\"async\" class=\"aligncenter wp-image-4204 size-full\" src=\"https:\/\/ecolemusiquetradvendee.fr\/wp-content\/uploads\/2023\/07\/cahierinterexter-1024x819-1.jpg\" alt=\"\" width=\"1024\" height=\"819\" srcset=\"https:\/\/ecolemusiquetradvendee.fr\/wp-content\/uploads\/2023\/07\/cahierinterexter-1024x819-1.jpg 1024w, https:\/\/ecolemusiquetradvendee.fr\/wp-content\/uploads\/2023\/07\/cahierinterexter-1024x819-1-300x240.jpg 300w, https:\/\/ecolemusiquetradvendee.fr\/wp-content\/uploads\/2023\/07\/cahierinterexter-1024x819-1-768x614.jpg 768w\" sizes=\"auto, (max-width: 1024px) 100vw, 1024px\" \/><\/p>\n<p>&nbsp;<\/p>\n<p>&nbsp;<\/p>\n<p style=\"text-align: center;\"><a class=\"maxbutton-10 maxbutton maxbutton-les-cahiers-de-repertoire\" href=\"https:\/\/ecolemusiquetradvendee.fr\/index.php\/mustrad\/les-cahiers-de-repertoire\/\"><span class='mb-text'>Les Cahiers de R\u00e9pertoire<\/span><\/a> | <a class=\"maxbutton-11 maxbutton maxbutton-la-plateforme-musicale\" href=\"https:\/\/ecolemusiquetradvendee.fr\/index.php\/mustrad\/la-plateforme-musicale\/\"><span class='mb-text'>La Plateforme Musicale<\/span><\/a><\/p>\n","protected":false},"excerpt":{"rendered":"<p>| &nbsp; &nbsp; Pendant 10 ans, l&rsquo;Ecole D\u00e9partementale de Musique Traditionnelle en Vend\u00e9e a co\u00e9dit\u00e9 avec OPCI-EthnoDoc et Vend\u00e9e Patrimoine, des cahiers de r\u00e9pertoire musical jou\u00e9, dans\u00e9 et chant\u00e9 en Vend\u00e9e, \u00e9largis aux d\u00e9partements des Pays de la Loire. &nbsp; Ils ont \u00e9t\u00e9 r\u00e9alis\u00e9s en collaboration avec Arexcpo en Vend\u00e9e, D.A.C.Trad, Joyeux Vend\u00e9ens du Boup\u00e8re [&hellip;]<\/p>\n","protected":false},"author":1,"featured_media":0,"parent":16,"menu_order":0,"comment_status":"closed","ping_status":"closed","template":"","meta":{"footnotes":""},"class_list":["post-167","page","type-page","status-publish","hentry"],"yoast_head":"<!-- This site is optimized with the Yoast SEO plugin v27.1.1 - https:\/\/yoast.com\/product\/yoast-seo-wordpress\/ -->\n<title>Les Cahiers de R\u00e9pertoire Musical jou\u00e9, dans\u00e9 et chant\u00e9 en Vend\u00e9e - F\u00e9d\u00e9ration de l&#039;Ecole D\u00e9partementale de Musique Traditionnelle en Vend\u00e9e<\/title>\n<meta name=\"description\" content=\"Pendant 10 ans, l&#039;Ecole D\u00e9partementale de Musique Traditionnelle en Vend\u00e9e a co\u00e9dit\u00e9 avec OPCI-EthnoDoc et Vend\u00e9e Patrimoine, des cahiers de r\u00e9pertoire musical jou\u00e9, dans\u00e9 et chant\u00e9 en Vend\u00e9e.\" \/>\n<meta name=\"robots\" content=\"index, follow, max-snippet:-1, max-image-preview:large, max-video-preview:-1\" \/>\n<link rel=\"canonical\" href=\"https:\/\/ecolemusiquetradvendee.fr\/index.php\/mustrad\/les-cahiers-de-repertoire\/\" \/>\n<meta property=\"og:locale\" content=\"fr_FR\" \/>\n<meta property=\"og:type\" content=\"article\" \/>\n<meta property=\"og:title\" content=\"Les Cahiers de R\u00e9pertoire Musical jou\u00e9, dans\u00e9 et chant\u00e9 en Vend\u00e9e - F\u00e9d\u00e9ration de l&#039;Ecole D\u00e9partementale de Musique Traditionnelle en Vend\u00e9e\" \/>\n<meta property=\"og:description\" content=\"Pendant 10 ans, l&#039;Ecole D\u00e9partementale de Musique Traditionnelle en Vend\u00e9e a co\u00e9dit\u00e9 avec OPCI-EthnoDoc et Vend\u00e9e Patrimoine, des cahiers de r\u00e9pertoire musical jou\u00e9, dans\u00e9 et chant\u00e9 en Vend\u00e9e.\" \/>\n<meta property=\"og:url\" content=\"https:\/\/ecolemusiquetradvendee.fr\/index.php\/mustrad\/les-cahiers-de-repertoire\/\" \/>\n<meta property=\"og:site_name\" content=\"F\u00e9d\u00e9ration de l&#039;Ecole D\u00e9partementale de Musique Traditionnelle en Vend\u00e9e\" \/>\n<meta property=\"article:publisher\" content=\"https:\/\/www.facebook.com\/EDMTV85\" \/>\n<meta property=\"article:modified_time\" content=\"2025-08-16T16:48:53+00:00\" \/>\n<meta property=\"og:image\" content=\"https:\/\/ecolemusiquetradvendee.fr\/wp-content\/uploads\/2023\/07\/cahierinterexter-1024x819-1.jpg\" \/>\n\t<meta property=\"og:image:width\" content=\"1024\" \/>\n\t<meta property=\"og:image:height\" content=\"819\" \/>\n\t<meta property=\"og:image:type\" content=\"image\/jpeg\" \/>\n<meta name=\"twitter:card\" content=\"summary_large_image\" \/>\n<meta name=\"twitter:label1\" content=\"Dur\u00e9e de lecture estim\u00e9e\" \/>\n\t<meta name=\"twitter:data1\" content=\"2 minutes\" \/>\n<script type=\"application\/ld+json\" class=\"yoast-schema-graph\">{\"@context\":\"https:\/\/schema.org\",\"@graph\":[{\"@type\":\"WebPage\",\"@id\":\"https:\/\/ecolemusiquetradvendee.fr\/index.php\/mustrad\/les-cahiers-de-repertoire\/\",\"url\":\"https:\/\/ecolemusiquetradvendee.fr\/index.php\/mustrad\/les-cahiers-de-repertoire\/\",\"name\":\"Les Cahiers de R\u00e9pertoire Musical jou\u00e9, dans\u00e9 et chant\u00e9 en Vend\u00e9e - F\u00e9d\u00e9ration de l&#039;Ecole D\u00e9partementale de Musique Traditionnelle en Vend\u00e9e\",\"isPartOf\":{\"@id\":\"https:\/\/ecolemusiquetradvendee.fr\/#website\"},\"primaryImageOfPage\":{\"@id\":\"https:\/\/ecolemusiquetradvendee.fr\/index.php\/mustrad\/les-cahiers-de-repertoire\/#primaryimage\"},\"image\":{\"@id\":\"https:\/\/ecolemusiquetradvendee.fr\/index.php\/mustrad\/les-cahiers-de-repertoire\/#primaryimage\"},\"thumbnailUrl\":\"https:\/\/ecolemusiquetradvendee.fr\/wp-content\/uploads\/2023\/07\/cahierinterexter-1024x819-1.jpg\",\"datePublished\":\"2023-06-20T20:36:50+00:00\",\"dateModified\":\"2025-08-16T16:48:53+00:00\",\"description\":\"Pendant 10 ans, l'Ecole D\u00e9partementale de Musique Traditionnelle en Vend\u00e9e a co\u00e9dit\u00e9 avec OPCI-EthnoDoc et Vend\u00e9e Patrimoine, des cahiers de r\u00e9pertoire musical jou\u00e9, dans\u00e9 et chant\u00e9 en Vend\u00e9e.\",\"breadcrumb\":{\"@id\":\"https:\/\/ecolemusiquetradvendee.fr\/index.php\/mustrad\/les-cahiers-de-repertoire\/#breadcrumb\"},\"inLanguage\":\"fr-FR\",\"potentialAction\":[{\"@type\":\"ReadAction\",\"target\":[\"https:\/\/ecolemusiquetradvendee.fr\/index.php\/mustrad\/les-cahiers-de-repertoire\/\"]}]},{\"@type\":\"ImageObject\",\"inLanguage\":\"fr-FR\",\"@id\":\"https:\/\/ecolemusiquetradvendee.fr\/index.php\/mustrad\/les-cahiers-de-repertoire\/#primaryimage\",\"url\":\"https:\/\/ecolemusiquetradvendee.fr\/wp-content\/uploads\/2023\/07\/cahierinterexter-1024x819-1.jpg\",\"contentUrl\":\"https:\/\/ecolemusiquetradvendee.fr\/wp-content\/uploads\/2023\/07\/cahierinterexter-1024x819-1.jpg\",\"width\":1024,\"height\":819},{\"@type\":\"BreadcrumbList\",\"@id\":\"https:\/\/ecolemusiquetradvendee.fr\/index.php\/mustrad\/les-cahiers-de-repertoire\/#breadcrumb\",\"itemListElement\":[{\"@type\":\"ListItem\",\"position\":1,\"name\":\"Accueil\",\"item\":\"https:\/\/ecolemusiquetradvendee.fr\/\"},{\"@type\":\"ListItem\",\"position\":2,\"name\":\"Mus&rsquo;trad Vend\u00e9e\",\"item\":\"https:\/\/ecolemusiquetradvendee.fr\/index.php\/mustrad\/\"},{\"@type\":\"ListItem\",\"position\":3,\"name\":\"Les Cahiers de R\u00e9pertoire Musical jou\u00e9, dans\u00e9 et chant\u00e9 en Vend\u00e9e\"}]},{\"@type\":\"WebSite\",\"@id\":\"https:\/\/ecolemusiquetradvendee.fr\/#website\",\"url\":\"https:\/\/ecolemusiquetradvendee.fr\/\",\"name\":\"ecolemusiquetradvendee.fr\",\"description\":\"\",\"publisher\":{\"@id\":\"https:\/\/ecolemusiquetradvendee.fr\/#organization\"},\"potentialAction\":[{\"@type\":\"SearchAction\",\"target\":{\"@type\":\"EntryPoint\",\"urlTemplate\":\"https:\/\/ecolemusiquetradvendee.fr\/?s={search_term_string}\"},\"query-input\":{\"@type\":\"PropertyValueSpecification\",\"valueRequired\":true,\"valueName\":\"search_term_string\"}}],\"inLanguage\":\"fr-FR\"},{\"@type\":\"Organization\",\"@id\":\"https:\/\/ecolemusiquetradvendee.fr\/#organization\",\"name\":\"F\u00e9d\u00e9ration de l'Ecole D\u00e9partementale de Musique Traditionnelle en Vend\u00e9e\",\"url\":\"https:\/\/ecolemusiquetradvendee.fr\/\",\"logo\":{\"@type\":\"ImageObject\",\"inLanguage\":\"fr-FR\",\"@id\":\"https:\/\/ecolemusiquetradvendee.fr\/#\/schema\/logo\/image\/\",\"url\":\"https:\/\/ecolemusiquetradvendee.fr\/wp-content\/uploads\/2023\/06\/cropped-cropped-logo_fede_V2-e1686778642970.jpg\",\"contentUrl\":\"https:\/\/ecolemusiquetradvendee.fr\/wp-content\/uploads\/2023\/06\/cropped-cropped-logo_fede_V2-e1686778642970.jpg\",\"width\":200,\"height\":200,\"caption\":\"F\u00e9d\u00e9ration de l'Ecole D\u00e9partementale de Musique Traditionnelle en Vend\u00e9e\"},\"image\":{\"@id\":\"https:\/\/ecolemusiquetradvendee.fr\/#\/schema\/logo\/image\/\"},\"sameAs\":[\"https:\/\/www.facebook.com\/EDMTV85\"]}]}<\/script>\n<!-- \/ Yoast SEO plugin. -->","yoast_head_json":{"title":"Les Cahiers de R\u00e9pertoire Musical jou\u00e9, dans\u00e9 et chant\u00e9 en Vend\u00e9e - F\u00e9d\u00e9ration de l&#039;Ecole D\u00e9partementale de Musique Traditionnelle en Vend\u00e9e","description":"Pendant 10 ans, l'Ecole D\u00e9partementale de Musique Traditionnelle en Vend\u00e9e a co\u00e9dit\u00e9 avec OPCI-EthnoDoc et Vend\u00e9e Patrimoine, des cahiers de r\u00e9pertoire musical jou\u00e9, dans\u00e9 et chant\u00e9 en Vend\u00e9e.","robots":{"index":"index","follow":"follow","max-snippet":"max-snippet:-1","max-image-preview":"max-image-preview:large","max-video-preview":"max-video-preview:-1"},"canonical":"https:\/\/ecolemusiquetradvendee.fr\/index.php\/mustrad\/les-cahiers-de-repertoire\/","og_locale":"fr_FR","og_type":"article","og_title":"Les Cahiers de R\u00e9pertoire Musical jou\u00e9, dans\u00e9 et chant\u00e9 en Vend\u00e9e - F\u00e9d\u00e9ration de l&#039;Ecole D\u00e9partementale de Musique Traditionnelle en Vend\u00e9e","og_description":"Pendant 10 ans, l'Ecole D\u00e9partementale de Musique Traditionnelle en Vend\u00e9e a co\u00e9dit\u00e9 avec OPCI-EthnoDoc et Vend\u00e9e Patrimoine, des cahiers de r\u00e9pertoire musical jou\u00e9, dans\u00e9 et chant\u00e9 en Vend\u00e9e.","og_url":"https:\/\/ecolemusiquetradvendee.fr\/index.php\/mustrad\/les-cahiers-de-repertoire\/","og_site_name":"F\u00e9d\u00e9ration de l&#039;Ecole D\u00e9partementale de Musique Traditionnelle en Vend\u00e9e","article_publisher":"https:\/\/www.facebook.com\/EDMTV85","article_modified_time":"2025-08-16T16:48:53+00:00","og_image":[{"width":1024,"height":819,"url":"https:\/\/ecolemusiquetradvendee.fr\/wp-content\/uploads\/2023\/07\/cahierinterexter-1024x819-1.jpg","type":"image\/jpeg"}],"twitter_card":"summary_large_image","twitter_misc":{"Dur\u00e9e de lecture estim\u00e9e":"2 minutes"},"schema":{"@context":"https:\/\/schema.org","@graph":[{"@type":"WebPage","@id":"https:\/\/ecolemusiquetradvendee.fr\/index.php\/mustrad\/les-cahiers-de-repertoire\/","url":"https:\/\/ecolemusiquetradvendee.fr\/index.php\/mustrad\/les-cahiers-de-repertoire\/","name":"Les Cahiers de R\u00e9pertoire Musical jou\u00e9, dans\u00e9 et chant\u00e9 en Vend\u00e9e - F\u00e9d\u00e9ration de l&#039;Ecole D\u00e9partementale de Musique Traditionnelle en Vend\u00e9e","isPartOf":{"@id":"https:\/\/ecolemusiquetradvendee.fr\/#website"},"primaryImageOfPage":{"@id":"https:\/\/ecolemusiquetradvendee.fr\/index.php\/mustrad\/les-cahiers-de-repertoire\/#primaryimage"},"image":{"@id":"https:\/\/ecolemusiquetradvendee.fr\/index.php\/mustrad\/les-cahiers-de-repertoire\/#primaryimage"},"thumbnailUrl":"https:\/\/ecolemusiquetradvendee.fr\/wp-content\/uploads\/2023\/07\/cahierinterexter-1024x819-1.jpg","datePublished":"2023-06-20T20:36:50+00:00","dateModified":"2025-08-16T16:48:53+00:00","description":"Pendant 10 ans, l'Ecole D\u00e9partementale de Musique Traditionnelle en Vend\u00e9e a co\u00e9dit\u00e9 avec OPCI-EthnoDoc et Vend\u00e9e Patrimoine, des cahiers de r\u00e9pertoire musical jou\u00e9, dans\u00e9 et chant\u00e9 en Vend\u00e9e.","breadcrumb":{"@id":"https:\/\/ecolemusiquetradvendee.fr\/index.php\/mustrad\/les-cahiers-de-repertoire\/#breadcrumb"},"inLanguage":"fr-FR","potentialAction":[{"@type":"ReadAction","target":["https:\/\/ecolemusiquetradvendee.fr\/index.php\/mustrad\/les-cahiers-de-repertoire\/"]}]},{"@type":"ImageObject","inLanguage":"fr-FR","@id":"https:\/\/ecolemusiquetradvendee.fr\/index.php\/mustrad\/les-cahiers-de-repertoire\/#primaryimage","url":"https:\/\/ecolemusiquetradvendee.fr\/wp-content\/uploads\/2023\/07\/cahierinterexter-1024x819-1.jpg","contentUrl":"https:\/\/ecolemusiquetradvendee.fr\/wp-content\/uploads\/2023\/07\/cahierinterexter-1024x819-1.jpg","width":1024,"height":819},{"@type":"BreadcrumbList","@id":"https:\/\/ecolemusiquetradvendee.fr\/index.php\/mustrad\/les-cahiers-de-repertoire\/#breadcrumb","itemListElement":[{"@type":"ListItem","position":1,"name":"Accueil","item":"https:\/\/ecolemusiquetradvendee.fr\/"},{"@type":"ListItem","position":2,"name":"Mus&rsquo;trad Vend\u00e9e","item":"https:\/\/ecolemusiquetradvendee.fr\/index.php\/mustrad\/"},{"@type":"ListItem","position":3,"name":"Les Cahiers de R\u00e9pertoire Musical jou\u00e9, dans\u00e9 et chant\u00e9 en Vend\u00e9e"}]},{"@type":"WebSite","@id":"https:\/\/ecolemusiquetradvendee.fr\/#website","url":"https:\/\/ecolemusiquetradvendee.fr\/","name":"ecolemusiquetradvendee.fr","description":"","publisher":{"@id":"https:\/\/ecolemusiquetradvendee.fr\/#organization"},"potentialAction":[{"@type":"SearchAction","target":{"@type":"EntryPoint","urlTemplate":"https:\/\/ecolemusiquetradvendee.fr\/?s={search_term_string}"},"query-input":{"@type":"PropertyValueSpecification","valueRequired":true,"valueName":"search_term_string"}}],"inLanguage":"fr-FR"},{"@type":"Organization","@id":"https:\/\/ecolemusiquetradvendee.fr\/#organization","name":"F\u00e9d\u00e9ration de l'Ecole D\u00e9partementale de Musique Traditionnelle en Vend\u00e9e","url":"https:\/\/ecolemusiquetradvendee.fr\/","logo":{"@type":"ImageObject","inLanguage":"fr-FR","@id":"https:\/\/ecolemusiquetradvendee.fr\/#\/schema\/logo\/image\/","url":"https:\/\/ecolemusiquetradvendee.fr\/wp-content\/uploads\/2023\/06\/cropped-cropped-logo_fede_V2-e1686778642970.jpg","contentUrl":"https:\/\/ecolemusiquetradvendee.fr\/wp-content\/uploads\/2023\/06\/cropped-cropped-logo_fede_V2-e1686778642970.jpg","width":200,"height":200,"caption":"F\u00e9d\u00e9ration de l'Ecole D\u00e9partementale de Musique Traditionnelle en Vend\u00e9e"},"image":{"@id":"https:\/\/ecolemusiquetradvendee.fr\/#\/schema\/logo\/image\/"},"sameAs":["https:\/\/www.facebook.com\/EDMTV85"]}]}},"_links":{"self":[{"href":"https:\/\/ecolemusiquetradvendee.fr\/index.php\/wp-json\/wp\/v2\/pages\/167","targetHints":{"allow":["GET"]}}],"collection":[{"href":"https:\/\/ecolemusiquetradvendee.fr\/index.php\/wp-json\/wp\/v2\/pages"}],"about":[{"href":"https:\/\/ecolemusiquetradvendee.fr\/index.php\/wp-json\/wp\/v2\/types\/page"}],"author":[{"embeddable":true,"href":"https:\/\/ecolemusiquetradvendee.fr\/index.php\/wp-json\/wp\/v2\/users\/1"}],"replies":[{"embeddable":true,"href":"https:\/\/ecolemusiquetradvendee.fr\/index.php\/wp-json\/wp\/v2\/comments?post=167"}],"version-history":[{"count":8,"href":"https:\/\/ecolemusiquetradvendee.fr\/index.php\/wp-json\/wp\/v2\/pages\/167\/revisions"}],"predecessor-version":[{"id":4209,"href":"https:\/\/ecolemusiquetradvendee.fr\/index.php\/wp-json\/wp\/v2\/pages\/167\/revisions\/4209"}],"up":[{"embeddable":true,"href":"https:\/\/ecolemusiquetradvendee.fr\/index.php\/wp-json\/wp\/v2\/pages\/16"}],"wp:attachment":[{"href":"https:\/\/ecolemusiquetradvendee.fr\/index.php\/wp-json\/wp\/v2\/media?parent=167"}],"curies":[{"name":"wp","href":"https:\/\/api.w.org\/{rel}","templated":true}]}}