{"id":19,"date":"2023-06-13T22:05:14","date_gmt":"2023-06-13T20:05:14","guid":{"rendered":"https:\/\/ecolemusiquetradvendee.fr\/?page_id=19"},"modified":"2025-08-16T18:48:52","modified_gmt":"2025-08-16T16:48:52","slug":"cours-musique-chant","status":"publish","type":"page","link":"https:\/\/ecolemusiquetradvendee.fr\/index.php\/notre-ecole\/cours-musique-chant\/","title":{"rendered":"Nos cours de musique et chant"},"content":{"rendered":"<p style=\"text-align: center;\"><a class=\"maxbutton-4 maxbutton maxbutton-l-ecole-de-musique\" href=\"https:\/\/ecolemusiquetradvendee.fr\/index.php\/notre-ecole\/qui-sommes-nous-2\/\"><span class='mb-text'>L&#039;\u00c9cole de Musique<\/span><\/a> | <a class=\"maxbutton-6 maxbutton maxbutton-nos-professeurs\" href=\"https:\/\/ecolemusiquetradvendee.fr\/index.php\/notre-ecole\/nos-professeurs\/\"><span class='mb-text'>Nos Professeurs<\/span><\/a> | <a class=\"maxbutton-7 maxbutton maxbutton-s-inscrire\" href=\"https:\/\/ecolemusiquetradvendee.fr\/index.php\/notre-ecole\/sinscrire\/\"><span class='mb-text'>S&#039;inscrire<\/span><\/a><\/p>\n<p>&nbsp;<\/p>\n<p>&nbsp;<\/p>\n<h5><strong>La F\u00e9d\u00e9ration de l&rsquo;\u00c9cole D\u00e9partementale de Musique Traditionnelle en Vend\u00e9e propose aux \u00e9l\u00e8ves une <em>formation \u00e0 la pratique des instruments traditionnels : accord\u00e9on diatonique, veuze, vielle \u00e0 roue, violon, ainsi que du chant traditionnel<\/em>.<\/strong><\/h5>\n<p>&nbsp;<\/p>\n<h3>L&rsquo;organisation des cours :<\/h3>\n<p>&nbsp;<\/p>\n<p><img loading=\"lazy\" decoding=\"async\" class=\"alignright wp-image-3914\" src=\"https:\/\/ecolemusiquetradvendee.fr\/wp-content\/uploads\/2023\/06\/03-IMG_20220507_153818-11.jpg\" alt=\"\" width=\"500\" height=\"281\" srcset=\"https:\/\/ecolemusiquetradvendee.fr\/wp-content\/uploads\/2023\/06\/03-IMG_20220507_153818-11.jpg 700w, https:\/\/ecolemusiquetradvendee.fr\/wp-content\/uploads\/2023\/06\/03-IMG_20220507_153818-11-300x169.jpg 300w\" sizes=\"auto, (max-width: 500px) 100vw, 500px\" \/>Les <strong>cours collectifs<\/strong>, organis\u00e9s par nos 3 antennes d&rsquo;enseignement, se d\u00e9roulent sur les sites suivants :<\/p>\n<ul>\n<li><em>Le Boup\u00e8re<\/em> (Les Joyeux Vend\u00e9ens),<\/li>\n<li><em>Fontenay-le Comte et Lu\u00e7on<\/em> (Dactrad),<\/li>\n<li><em>Saint Jean de Monts<\/em> (La section Conservatoire d&rsquo;Arexcpo en Vend\u00e9e).<\/li>\n<\/ul>\n<p>&nbsp;<\/p>\n<p>Ils s\u2019adressent \u00e0 tous les amateurs de ces musiques, m\u00eame d\u00e9butants, \u00e0 partir de 7 ans jusqu\u2019\u00e0 77 et plus\u2026<\/p>\n<p>&nbsp;<\/p>\n<p><strong>L\u2019apprentissage d\u2019un instrument de musique s\u2019effectue de fa\u00e7on traditionnelle, \u00e0 savoir d\u2019oreille<\/strong>.\u00a0<em>Il n\u2019est pas n\u00e9cessaire de savoir lire la musique<\/em>. Certains instruments comme l\u2019accord\u00e9on diatonique ou le violon peuvent s\u2019appuyer sur un syst\u00e8me de tablatures.<\/p>\n<p>&nbsp;<\/p>\n<p><strong>Les cours suivent le rythme trimestriel scolaire avec :<\/strong><\/p>\n<ul>\n<li><em>6 cours de 1h30 par trimestre<\/em> pour l&rsquo;accord\u00e9on diatonique, le chant, la vielle \u00e0 roue et le violon,<\/li>\n<li><em>6 cours de 1h par trimestre<\/em> pour la veuze et les d\u00e9butants les plus jeunes.<\/li>\n<\/ul>\n<p>&nbsp;<\/p>\n<h3>Les instruments enseign\u00e9s :<\/h3>\n<p>&nbsp;<\/p>\n<h5>1. L&rsquo;Accord\u00e9on Diatonique<\/h5>\n<p><strong><img loading=\"lazy\" decoding=\"async\" class=\"wp-image-4230 size-thumbnail alignleft\" src=\"https:\/\/ecolemusiquetradvendee.fr\/wp-content\/uploads\/2023\/07\/accordeon-150x150.jpg\" alt=\"\" width=\"150\" height=\"150\" srcset=\"https:\/\/ecolemusiquetradvendee.fr\/wp-content\/uploads\/2023\/07\/accordeon-150x150.jpg 150w, https:\/\/ecolemusiquetradvendee.fr\/wp-content\/uploads\/2023\/07\/accordeon.jpg 283w\" sizes=\"auto, (max-width: 150px) 100vw, 150px\" \/><em>L\u2019accord\u00e9on diatonique<\/em><\/strong>\u00a0est un instrument bi-sonore, c\u2019est \u00e0 dire qu\u2019une touche produit une note diff\u00e9rente selon qu\u2019on pousse ou tire le soufflet.\u00a0<strong>Il existe en 2 tonalit\u00e9s principales : La\/R\u00e9 et Sol\/Do. Dans le marais nord vend\u00e9en, les accord\u00e9ons sont majoritairement accord\u00e9s en La\/R\u00e9, leur permettant ainsi de jouer avec les veuzes. Toutefois les 2 tonalit\u00e9s sont<\/strong><strong>\u00a0enseign\u00e9es au sein de notre Conservatoire<\/strong>.<\/p>\n<p>On distingue deux fa\u00e7ons de jouer : le tir\u00e9-pouss\u00e9 qui donne un jeu d\u00e9tach\u00e9, voire piqu\u00e9 et le jeu crois\u00e9 qui permet de lier davantage les notes. Pour chaque jeu d\u2019anches, on parle de voix : basses, aig\u00fces, et \u00e0 2 ou 3 voix. Par la rythmique, l\u2019accord\u00e9on diatonique est certainement, parmi la grande famille des accord\u00e9ons, celui qui convient le mieux \u00e0 la musique traditionnelle. Il apporte la cassure m\u00e9lodique qui convient \u00e0 l\u2019interpr\u00e9tation que l\u2019on doit garder des airs traditionnels.<\/p>\n<p>&nbsp;<\/p>\n<h5>2. La Veuze<\/h5>\n<div id=\"imCellStyle_1\">\n<div id=\"imTextObject_1_tab0\" class=\"text-tab-content\">\n<div class=\"text-inner\">\n<p><span class=\"ff1 cf0 fs22\"><img loading=\"lazy\" decoding=\"async\" class=\"wp-image-4231 size-thumbnail alignleft\" src=\"https:\/\/ecolemusiquetradvendee.fr\/wp-content\/uploads\/2023\/07\/veuze-150x150.jpg\" alt=\"\" width=\"150\" height=\"150\" srcset=\"https:\/\/ecolemusiquetradvendee.fr\/wp-content\/uploads\/2023\/07\/veuze-150x150.jpg 150w, https:\/\/ecolemusiquetradvendee.fr\/wp-content\/uploads\/2023\/07\/veuze.jpg 283w\" sizes=\"auto, (max-width: 150px) 100vw, 150px\" \/><em><strong>La veuze<\/strong><\/em> appartient \u00e0 la famille des cornemuses et elle a la particularit\u00e9 d&rsquo;\u00eatre jou\u00e9e entre la Vilaine et la S\u00e8vre niortaise. Tomb\u00e9e quasiment dans l\u2019oubli au d\u00e9but du XX<sup>e<\/sup> si\u00e8cle, la veuze est de nouveau jou\u00e9e au d\u00e9but des ann\u00e9es 1970. Cet instrument aux caract\u00e9ristiques proches des cornemuses m\u00e9di\u00e9vales est constitu\u00e9 d\u2019une poche en cuir, d\u2019un bourdon sonnant une note continue, d\u2019un porte-vent pour gonfler la poche et d\u2019un chalumeau produisant la m\u00e9lodie.<\/span><\/p>\n<p><span class=\"ff1 cf0 fs22\">Cet instrument dont la r\u00e9putation festive se retrouve d\u00e8s le XVI\u00e8me si\u00e8cle dans le d\u00eener des Dames Lanternes de Rabelais : \u00ab\u00a0les veuzes, bouzines et cornemuses sonn\u00e8rent harmonieusement\u00a0\u00bb. <strong>Son atout principal est l&rsquo;\u00e9nergie qu&rsquo;elle d\u00e9gage par sa puissance sonore et l&rsquo;entrain naturel que le \u00ab\u00a0veuzou\u00a0\u00bb saura donner aux danses traditionnelles gr\u00e2ce \u00e0 la virtuosit\u00e9 du doigt\u00e9<\/strong>.<\/span><span class=\"ff0 fs20\"><br \/>\n<\/span><\/p>\n<\/div>\n<\/div>\n<\/div>\n<p>&nbsp;<\/p>\n<p>&nbsp;<\/p>\n<h5>3. La Vielle \u00e0 roue<\/h5>\n<p><strong><img loading=\"lazy\" decoding=\"async\" class=\"wp-image-4232 size-thumbnail alignleft\" src=\"https:\/\/ecolemusiquetradvendee.fr\/wp-content\/uploads\/2023\/07\/vielle_a_roue-150x150.jpg\" alt=\"\" width=\"150\" height=\"150\" srcset=\"https:\/\/ecolemusiquetradvendee.fr\/wp-content\/uploads\/2023\/07\/vielle_a_roue-150x150.jpg 150w, https:\/\/ecolemusiquetradvendee.fr\/wp-content\/uploads\/2023\/07\/vielle_a_roue.jpg 283w\" sizes=\"auto, (max-width: 150px) 100vw, 150px\" \/><em>La vielle \u00e0 roue<\/em><\/strong>, est un instrument \u00e0 cordes frott\u00e9es dont l\u2019harmonique des cordes en constante vibration apporte une assise musicale de cons\u00e9quence. La vibration du chien, gr\u00e2ce au coup de poignet du vielleux, donne la rythmique. Les bourdons et autres cordes sympathiques forment les accords qui accompagnent la m\u00e9lodie des chanterelles.<\/p>\n<p>La vielle \u00e0 roue a un v\u00e9ritable pass\u00e9 en Vend\u00e9e : <strong>plus de 20 vielleux ont \u00e9t\u00e9 r\u00e9pertori\u00e9s et il a \u00e9t\u00e9 retrouv\u00e9 des vielles plates et des vielles rondes<\/strong>, attestant de la pr\u00e9sence de cet instrument dans notre d\u00e9partement. Cet instrument a ainsi \u00e9t\u00e9 utilis\u00e9 pour animer des bals et noces aux XIX\u00e8me et XX\u00e8me si\u00e8cles.<\/p>\n<p>&nbsp;<\/p>\n<p>&nbsp;<\/p>\n<h5>4. Le Violon<\/h5>\n<p><strong><img loading=\"lazy\" decoding=\"async\" class=\"wp-image-4229 size-thumbnail alignleft\" src=\"https:\/\/ecolemusiquetradvendee.fr\/wp-content\/uploads\/2023\/07\/violon-150x150.jpg\" alt=\"\" width=\"150\" height=\"150\" srcset=\"https:\/\/ecolemusiquetradvendee.fr\/wp-content\/uploads\/2023\/07\/violon-150x150.jpg 150w, https:\/\/ecolemusiquetradvendee.fr\/wp-content\/uploads\/2023\/07\/violon.jpg 283w\" sizes=\"auto, (max-width: 150px) 100vw, 150px\" \/><\/strong><\/p>\n<p style=\"font-weight: 400;\"><em><strong>Le violon<\/strong><\/em> que l\u2019on s\u2019accorde \u00e0 dater des ann\u00e9es 1520 (1523 pour la premi\u00e8re attestation) est, avant tout et d\u00e8s sa naissance, l\u2019instrument des \u00ab\u00a0danceries\u00a0\u00bb, de la rue et des mendiants.<\/p>\n<p style=\"font-weight: 400;\">A partir de la fin du XVI\u00e8 si\u00e8cle et plus encore au XVII, il devient \u00e9galement instrument savant et gagne ce <strong>statut ambivalent d\u2019instrument de cour et du peuple<\/strong>, <strong>des villes et des champs, d\u2019\u00e9glise comme des la\u00efcs.<\/strong><\/p>\n<p style=\"font-weight: 400;\">Le d\u00e9but de sa pratique populaire en Vend\u00e9e, devrait-on dire Bas-Poitou, est difficile \u00e0 dater mais on sait que, dans la deuxi\u00e8me moiti\u00e9 du XVIII si\u00e8cle, les violons jouent ici pour la danse.<\/p>\n<p style=\"font-weight: 400;\">S\u2019il colonise l\u2019ensemble du territoire vend\u00e9en, sa pratique s\u2019enracine durablement dans le Haut-Bocage o\u00f9 il restera l\u2019instrument des bals et du plaisir jusqu\u2019\u00e0 la deuxi\u00e8me guerre mondiale.<\/p>\n<p style=\"font-weight: 400;\">Depuis les ann\u00e9es 1960, de nombreuses rencontres et enregistrements ont \u00e9t\u00e9 r\u00e9alis\u00e9s aupr\u00e8s des derniers d\u00e9tenteurs de cette riche tradition, ce qui permet aujourd\u2019hui de <strong>pratiquer ce jeu tr\u00e8s cadenc\u00e9 irr\u00e9m\u00e9diablement li\u00e9 \u00e0 la danse<\/strong>.<\/p>\n<p>&nbsp;<\/p>\n<p>&nbsp;<\/p>\n<h5>5. Le Chant Traditionnel<\/h5>\n<div id=\"imCellStyle_1\">\n<div id=\"imTextObject_1_tab0\" class=\"text-tab-content\">\n<div class=\"text-inner\">\n<p><span class=\"ff1 cf0 fs22\"><img loading=\"lazy\" decoding=\"async\" class=\"wp-image-4235 size-thumbnail alignleft\" src=\"https:\/\/ecolemusiquetradvendee.fr\/wp-content\/uploads\/2023\/07\/chanteur-2-150x150.jpg\" alt=\"\" width=\"150\" height=\"150\" srcset=\"https:\/\/ecolemusiquetradvendee.fr\/wp-content\/uploads\/2023\/07\/chanteur-2-150x150.jpg 150w, https:\/\/ecolemusiquetradvendee.fr\/wp-content\/uploads\/2023\/07\/chanteur-2.jpg 283w\" sizes=\"auto, (max-width: 150px) 100vw, 150px\" \/><em><strong>L&rsquo;atelier de Chant Traditionnel<\/strong><\/em> permet de faire <strong>d\u00e9couvrir le r\u00e9pertoire vend\u00e9en<\/strong> et de <strong>s\u2019initier aux chants populaires<\/strong>, en s\u2019appuyant sur les collectages r\u00e9alis\u00e9s aupr\u00e8s des anciens de Vend\u00e9e. Le chant populaire rythmait auparavant la vie dans nos campagnes : lors du travail au champs, lors des \u00e9v\u00e9nements familiaux&#8230;<\/span><\/p>\n<p><span class=\"ff1 cf0 fs22\">Il permet encore aujourd&rsquo;hui d&rsquo;animer <\/span><span class=\"ff1 cf0 fs22\">des bals, au cours desquels des chanteurs m\u00e8nent des danses \u00ab\u00a0\u00e0 la goule\u00a0\u00bb (Grand&rsquo;Danses&#8230;).<\/span><span class=\"ff2 fs20\"><br \/>\n<\/span><\/p>\n<p>&nbsp;<\/p>\n<\/div>\n<\/div>\n<\/div>\n<p>&nbsp;<\/p>\n<p>&nbsp;<\/p>\n<p style=\"text-align: center;\"><a class=\"maxbutton-4 maxbutton maxbutton-l-ecole-de-musique\" href=\"https:\/\/ecolemusiquetradvendee.fr\/index.php\/notre-ecole\/qui-sommes-nous-2\/\"><span class='mb-text'>L&#039;\u00c9cole de Musique<\/span><\/a> | <a class=\"maxbutton-6 maxbutton maxbutton-nos-professeurs\" href=\"https:\/\/ecolemusiquetradvendee.fr\/index.php\/notre-ecole\/nos-professeurs\/\"><span class='mb-text'>Nos Professeurs<\/span><\/a> | <a class=\"maxbutton-7 maxbutton maxbutton-s-inscrire\" href=\"https:\/\/ecolemusiquetradvendee.fr\/index.php\/notre-ecole\/sinscrire\/\"><span class='mb-text'>S&#039;inscrire<\/span><\/a><\/p>\n","protected":false},"excerpt":{"rendered":"<p>| | &nbsp; &nbsp; La F\u00e9d\u00e9ration de l&rsquo;\u00c9cole D\u00e9partementale de Musique Traditionnelle en Vend\u00e9e propose aux \u00e9l\u00e8ves une formation \u00e0 la pratique des instruments traditionnels : accord\u00e9on diatonique, veuze, vielle \u00e0 roue, violon, ainsi que du chant traditionnel. &nbsp; L&rsquo;organisation des cours : &nbsp; Les cours collectifs, organis\u00e9s par nos 3 antennes d&rsquo;enseignement, se d\u00e9roulent [&hellip;]<\/p>\n","protected":false},"author":1,"featured_media":0,"parent":21,"menu_order":0,"comment_status":"closed","ping_status":"closed","template":"","meta":{"footnotes":""},"class_list":["post-19","page","type-page","status-publish","hentry"],"yoast_head":"<!-- This site is optimized with the Yoast SEO plugin v27.1.1 - https:\/\/yoast.com\/product\/yoast-seo-wordpress\/ -->\n<title>Nos cours de musique et chant - F\u00e9d\u00e9ration de l&#039;Ecole D\u00e9partementale de Musique Traditionnelle en Vend\u00e9e<\/title>\n<meta name=\"description\" content=\"L&#039;\u00e9cole propose aux \u00e9l\u00e8ves une formation \u00e0 la pratique des instruments traditionnels : accord\u00e9on diatonique, veuze, vielle \u00e0 roue, violon, ainsi que du chant traditionnel.\" \/>\n<meta name=\"robots\" content=\"index, follow, max-snippet:-1, max-image-preview:large, max-video-preview:-1\" \/>\n<link rel=\"canonical\" href=\"https:\/\/ecolemusiquetradvendee.fr\/index.php\/notre-ecole\/cours-musique-chant\/\" \/>\n<meta property=\"og:locale\" content=\"fr_FR\" \/>\n<meta property=\"og:type\" content=\"article\" \/>\n<meta property=\"og:title\" content=\"Nos cours de musique et chant - F\u00e9d\u00e9ration de l&#039;Ecole D\u00e9partementale de Musique Traditionnelle en Vend\u00e9e\" \/>\n<meta property=\"og:description\" content=\"L&#039;\u00e9cole propose aux \u00e9l\u00e8ves une formation \u00e0 la pratique des instruments traditionnels : accord\u00e9on diatonique, veuze, vielle \u00e0 roue, violon, ainsi que du chant traditionnel.\" \/>\n<meta property=\"og:url\" content=\"https:\/\/ecolemusiquetradvendee.fr\/index.php\/notre-ecole\/cours-musique-chant\/\" \/>\n<meta property=\"og:site_name\" content=\"F\u00e9d\u00e9ration de l&#039;Ecole D\u00e9partementale de Musique Traditionnelle en Vend\u00e9e\" \/>\n<meta property=\"article:publisher\" content=\"https:\/\/www.facebook.com\/EDMTV85\" \/>\n<meta property=\"article:modified_time\" content=\"2025-08-16T16:48:52+00:00\" \/>\n<meta property=\"og:image\" content=\"https:\/\/ecolemusiquetradvendee.fr\/wp-content\/uploads\/2023\/06\/03-IMG_20220507_153818-11.jpg\" \/>\n\t<meta property=\"og:image:width\" content=\"700\" \/>\n\t<meta property=\"og:image:height\" content=\"394\" \/>\n\t<meta property=\"og:image:type\" content=\"image\/jpeg\" \/>\n<meta name=\"twitter:card\" content=\"summary_large_image\" \/>\n<meta name=\"twitter:label1\" content=\"Dur\u00e9e de lecture estim\u00e9e\" \/>\n\t<meta name=\"twitter:data1\" content=\"6 minutes\" \/>\n<script type=\"application\/ld+json\" class=\"yoast-schema-graph\">{\"@context\":\"https:\/\/schema.org\",\"@graph\":[{\"@type\":\"WebPage\",\"@id\":\"https:\/\/ecolemusiquetradvendee.fr\/index.php\/notre-ecole\/cours-musique-chant\/\",\"url\":\"https:\/\/ecolemusiquetradvendee.fr\/index.php\/notre-ecole\/cours-musique-chant\/\",\"name\":\"Nos cours de musique et chant - F\u00e9d\u00e9ration de l&#039;Ecole D\u00e9partementale de Musique Traditionnelle en Vend\u00e9e\",\"isPartOf\":{\"@id\":\"https:\/\/ecolemusiquetradvendee.fr\/#website\"},\"primaryImageOfPage\":{\"@id\":\"https:\/\/ecolemusiquetradvendee.fr\/index.php\/notre-ecole\/cours-musique-chant\/#primaryimage\"},\"image\":{\"@id\":\"https:\/\/ecolemusiquetradvendee.fr\/index.php\/notre-ecole\/cours-musique-chant\/#primaryimage\"},\"thumbnailUrl\":\"https:\/\/ecolemusiquetradvendee.fr\/wp-content\/uploads\/2023\/06\/03-IMG_20220507_153818-11.jpg\",\"datePublished\":\"2023-06-13T20:05:14+00:00\",\"dateModified\":\"2025-08-16T16:48:52+00:00\",\"description\":\"L'\u00e9cole propose aux \u00e9l\u00e8ves une formation \u00e0 la pratique des instruments traditionnels : accord\u00e9on diatonique, veuze, vielle \u00e0 roue, violon, ainsi que du chant traditionnel.\",\"breadcrumb\":{\"@id\":\"https:\/\/ecolemusiquetradvendee.fr\/index.php\/notre-ecole\/cours-musique-chant\/#breadcrumb\"},\"inLanguage\":\"fr-FR\",\"potentialAction\":[{\"@type\":\"ReadAction\",\"target\":[\"https:\/\/ecolemusiquetradvendee.fr\/index.php\/notre-ecole\/cours-musique-chant\/\"]}]},{\"@type\":\"ImageObject\",\"inLanguage\":\"fr-FR\",\"@id\":\"https:\/\/ecolemusiquetradvendee.fr\/index.php\/notre-ecole\/cours-musique-chant\/#primaryimage\",\"url\":\"https:\/\/ecolemusiquetradvendee.fr\/wp-content\/uploads\/2023\/06\/03-IMG_20220507_153818-11.jpg\",\"contentUrl\":\"https:\/\/ecolemusiquetradvendee.fr\/wp-content\/uploads\/2023\/06\/03-IMG_20220507_153818-11.jpg\",\"width\":700,\"height\":394},{\"@type\":\"BreadcrumbList\",\"@id\":\"https:\/\/ecolemusiquetradvendee.fr\/index.php\/notre-ecole\/cours-musique-chant\/#breadcrumb\",\"itemListElement\":[{\"@type\":\"ListItem\",\"position\":1,\"name\":\"Accueil\",\"item\":\"https:\/\/ecolemusiquetradvendee.fr\/\"},{\"@type\":\"ListItem\",\"position\":2,\"name\":\"L&rsquo;\u00e9cole de Musique\",\"item\":\"https:\/\/ecolemusiquetradvendee.fr\/index.php\/notre-ecole\/\"},{\"@type\":\"ListItem\",\"position\":3,\"name\":\"Nos cours de musique et chant\"}]},{\"@type\":\"WebSite\",\"@id\":\"https:\/\/ecolemusiquetradvendee.fr\/#website\",\"url\":\"https:\/\/ecolemusiquetradvendee.fr\/\",\"name\":\"ecolemusiquetradvendee.fr\",\"description\":\"\",\"publisher\":{\"@id\":\"https:\/\/ecolemusiquetradvendee.fr\/#organization\"},\"potentialAction\":[{\"@type\":\"SearchAction\",\"target\":{\"@type\":\"EntryPoint\",\"urlTemplate\":\"https:\/\/ecolemusiquetradvendee.fr\/?s={search_term_string}\"},\"query-input\":{\"@type\":\"PropertyValueSpecification\",\"valueRequired\":true,\"valueName\":\"search_term_string\"}}],\"inLanguage\":\"fr-FR\"},{\"@type\":\"Organization\",\"@id\":\"https:\/\/ecolemusiquetradvendee.fr\/#organization\",\"name\":\"F\u00e9d\u00e9ration de l'Ecole D\u00e9partementale de Musique Traditionnelle en Vend\u00e9e\",\"url\":\"https:\/\/ecolemusiquetradvendee.fr\/\",\"logo\":{\"@type\":\"ImageObject\",\"inLanguage\":\"fr-FR\",\"@id\":\"https:\/\/ecolemusiquetradvendee.fr\/#\/schema\/logo\/image\/\",\"url\":\"https:\/\/ecolemusiquetradvendee.fr\/wp-content\/uploads\/2023\/06\/cropped-cropped-logo_fede_V2-e1686778642970.jpg\",\"contentUrl\":\"https:\/\/ecolemusiquetradvendee.fr\/wp-content\/uploads\/2023\/06\/cropped-cropped-logo_fede_V2-e1686778642970.jpg\",\"width\":200,\"height\":200,\"caption\":\"F\u00e9d\u00e9ration de l'Ecole D\u00e9partementale de Musique Traditionnelle en Vend\u00e9e\"},\"image\":{\"@id\":\"https:\/\/ecolemusiquetradvendee.fr\/#\/schema\/logo\/image\/\"},\"sameAs\":[\"https:\/\/www.facebook.com\/EDMTV85\"]}]}<\/script>\n<!-- \/ Yoast SEO plugin. -->","yoast_head_json":{"title":"Nos cours de musique et chant - F\u00e9d\u00e9ration de l&#039;Ecole D\u00e9partementale de Musique Traditionnelle en Vend\u00e9e","description":"L'\u00e9cole propose aux \u00e9l\u00e8ves une formation \u00e0 la pratique des instruments traditionnels : accord\u00e9on diatonique, veuze, vielle \u00e0 roue, violon, ainsi que du chant traditionnel.","robots":{"index":"index","follow":"follow","max-snippet":"max-snippet:-1","max-image-preview":"max-image-preview:large","max-video-preview":"max-video-preview:-1"},"canonical":"https:\/\/ecolemusiquetradvendee.fr\/index.php\/notre-ecole\/cours-musique-chant\/","og_locale":"fr_FR","og_type":"article","og_title":"Nos cours de musique et chant - F\u00e9d\u00e9ration de l&#039;Ecole D\u00e9partementale de Musique Traditionnelle en Vend\u00e9e","og_description":"L'\u00e9cole propose aux \u00e9l\u00e8ves une formation \u00e0 la pratique des instruments traditionnels : accord\u00e9on diatonique, veuze, vielle \u00e0 roue, violon, ainsi que du chant traditionnel.","og_url":"https:\/\/ecolemusiquetradvendee.fr\/index.php\/notre-ecole\/cours-musique-chant\/","og_site_name":"F\u00e9d\u00e9ration de l&#039;Ecole D\u00e9partementale de Musique Traditionnelle en Vend\u00e9e","article_publisher":"https:\/\/www.facebook.com\/EDMTV85","article_modified_time":"2025-08-16T16:48:52+00:00","og_image":[{"width":700,"height":394,"url":"https:\/\/ecolemusiquetradvendee.fr\/wp-content\/uploads\/2023\/06\/03-IMG_20220507_153818-11.jpg","type":"image\/jpeg"}],"twitter_card":"summary_large_image","twitter_misc":{"Dur\u00e9e de lecture estim\u00e9e":"6 minutes"},"schema":{"@context":"https:\/\/schema.org","@graph":[{"@type":"WebPage","@id":"https:\/\/ecolemusiquetradvendee.fr\/index.php\/notre-ecole\/cours-musique-chant\/","url":"https:\/\/ecolemusiquetradvendee.fr\/index.php\/notre-ecole\/cours-musique-chant\/","name":"Nos cours de musique et chant - F\u00e9d\u00e9ration de l&#039;Ecole D\u00e9partementale de Musique Traditionnelle en Vend\u00e9e","isPartOf":{"@id":"https:\/\/ecolemusiquetradvendee.fr\/#website"},"primaryImageOfPage":{"@id":"https:\/\/ecolemusiquetradvendee.fr\/index.php\/notre-ecole\/cours-musique-chant\/#primaryimage"},"image":{"@id":"https:\/\/ecolemusiquetradvendee.fr\/index.php\/notre-ecole\/cours-musique-chant\/#primaryimage"},"thumbnailUrl":"https:\/\/ecolemusiquetradvendee.fr\/wp-content\/uploads\/2023\/06\/03-IMG_20220507_153818-11.jpg","datePublished":"2023-06-13T20:05:14+00:00","dateModified":"2025-08-16T16:48:52+00:00","description":"L'\u00e9cole propose aux \u00e9l\u00e8ves une formation \u00e0 la pratique des instruments traditionnels : accord\u00e9on diatonique, veuze, vielle \u00e0 roue, violon, ainsi que du chant traditionnel.","breadcrumb":{"@id":"https:\/\/ecolemusiquetradvendee.fr\/index.php\/notre-ecole\/cours-musique-chant\/#breadcrumb"},"inLanguage":"fr-FR","potentialAction":[{"@type":"ReadAction","target":["https:\/\/ecolemusiquetradvendee.fr\/index.php\/notre-ecole\/cours-musique-chant\/"]}]},{"@type":"ImageObject","inLanguage":"fr-FR","@id":"https:\/\/ecolemusiquetradvendee.fr\/index.php\/notre-ecole\/cours-musique-chant\/#primaryimage","url":"https:\/\/ecolemusiquetradvendee.fr\/wp-content\/uploads\/2023\/06\/03-IMG_20220507_153818-11.jpg","contentUrl":"https:\/\/ecolemusiquetradvendee.fr\/wp-content\/uploads\/2023\/06\/03-IMG_20220507_153818-11.jpg","width":700,"height":394},{"@type":"BreadcrumbList","@id":"https:\/\/ecolemusiquetradvendee.fr\/index.php\/notre-ecole\/cours-musique-chant\/#breadcrumb","itemListElement":[{"@type":"ListItem","position":1,"name":"Accueil","item":"https:\/\/ecolemusiquetradvendee.fr\/"},{"@type":"ListItem","position":2,"name":"L&rsquo;\u00e9cole de Musique","item":"https:\/\/ecolemusiquetradvendee.fr\/index.php\/notre-ecole\/"},{"@type":"ListItem","position":3,"name":"Nos cours de musique et chant"}]},{"@type":"WebSite","@id":"https:\/\/ecolemusiquetradvendee.fr\/#website","url":"https:\/\/ecolemusiquetradvendee.fr\/","name":"ecolemusiquetradvendee.fr","description":"","publisher":{"@id":"https:\/\/ecolemusiquetradvendee.fr\/#organization"},"potentialAction":[{"@type":"SearchAction","target":{"@type":"EntryPoint","urlTemplate":"https:\/\/ecolemusiquetradvendee.fr\/?s={search_term_string}"},"query-input":{"@type":"PropertyValueSpecification","valueRequired":true,"valueName":"search_term_string"}}],"inLanguage":"fr-FR"},{"@type":"Organization","@id":"https:\/\/ecolemusiquetradvendee.fr\/#organization","name":"F\u00e9d\u00e9ration de l'Ecole D\u00e9partementale de Musique Traditionnelle en Vend\u00e9e","url":"https:\/\/ecolemusiquetradvendee.fr\/","logo":{"@type":"ImageObject","inLanguage":"fr-FR","@id":"https:\/\/ecolemusiquetradvendee.fr\/#\/schema\/logo\/image\/","url":"https:\/\/ecolemusiquetradvendee.fr\/wp-content\/uploads\/2023\/06\/cropped-cropped-logo_fede_V2-e1686778642970.jpg","contentUrl":"https:\/\/ecolemusiquetradvendee.fr\/wp-content\/uploads\/2023\/06\/cropped-cropped-logo_fede_V2-e1686778642970.jpg","width":200,"height":200,"caption":"F\u00e9d\u00e9ration de l'Ecole D\u00e9partementale de Musique Traditionnelle en Vend\u00e9e"},"image":{"@id":"https:\/\/ecolemusiquetradvendee.fr\/#\/schema\/logo\/image\/"},"sameAs":["https:\/\/www.facebook.com\/EDMTV85"]}]}},"_links":{"self":[{"href":"https:\/\/ecolemusiquetradvendee.fr\/index.php\/wp-json\/wp\/v2\/pages\/19","targetHints":{"allow":["GET"]}}],"collection":[{"href":"https:\/\/ecolemusiquetradvendee.fr\/index.php\/wp-json\/wp\/v2\/pages"}],"about":[{"href":"https:\/\/ecolemusiquetradvendee.fr\/index.php\/wp-json\/wp\/v2\/types\/page"}],"author":[{"embeddable":true,"href":"https:\/\/ecolemusiquetradvendee.fr\/index.php\/wp-json\/wp\/v2\/users\/1"}],"replies":[{"embeddable":true,"href":"https:\/\/ecolemusiquetradvendee.fr\/index.php\/wp-json\/wp\/v2\/comments?post=19"}],"version-history":[{"count":17,"href":"https:\/\/ecolemusiquetradvendee.fr\/index.php\/wp-json\/wp\/v2\/pages\/19\/revisions"}],"predecessor-version":[{"id":4238,"href":"https:\/\/ecolemusiquetradvendee.fr\/index.php\/wp-json\/wp\/v2\/pages\/19\/revisions\/4238"}],"up":[{"embeddable":true,"href":"https:\/\/ecolemusiquetradvendee.fr\/index.php\/wp-json\/wp\/v2\/pages\/21"}],"wp:attachment":[{"href":"https:\/\/ecolemusiquetradvendee.fr\/index.php\/wp-json\/wp\/v2\/media?parent=19"}],"curies":[{"name":"wp","href":"https:\/\/api.w.org\/{rel}","templated":true}]}}