{"id":20,"date":"2023-06-13T22:05:14","date_gmt":"2023-06-13T20:05:14","guid":{"rendered":"https:\/\/ecolemusiquetradvendee.fr\/?page_id=20"},"modified":"2025-08-16T18:48:52","modified_gmt":"2025-08-16T16:48:52","slug":"nos-professeurs","status":"publish","type":"page","link":"https:\/\/ecolemusiquetradvendee.fr\/index.php\/notre-ecole\/nos-professeurs\/","title":{"rendered":"Nos Professeurs"},"content":{"rendered":"<p style=\"text-align: center;\"><a class=\"maxbutton-4 maxbutton maxbutton-l-ecole-de-musique\" href=\"https:\/\/ecolemusiquetradvendee.fr\/index.php\/notre-ecole\/qui-sommes-nous-2\/\"><span class='mb-text'>L&#039;\u00c9cole de Musique<\/span><\/a> \u00a0| <a class=\"maxbutton-5 maxbutton maxbutton-nos-cours\" href=\"https:\/\/ecolemusiquetradvendee.fr\/index.php\/notre-ecole\/cours-musique-chant\/\"><span class='mb-text'>Nos Cours de Musique et Chant<\/span><\/a> | <a class=\"maxbutton-7 maxbutton maxbutton-s-inscrire\" href=\"https:\/\/ecolemusiquetradvendee.fr\/index.php\/notre-ecole\/sinscrire\/\"><span class='mb-text'>S&#039;inscrire<\/span><\/a><\/p>\n<p>&nbsp;<\/p>\n<p>&nbsp;<\/p>\n<h5>Les cours sont dispens\u00e9s par <em><strong>6 professeurs dipl\u00f4m\u00e9s d\u2019\u00c9tat en Musique Traditionnelle<\/strong> <strong>et\/ou exp\u00e9riment\u00e9s<\/strong><\/em>.<\/h5>\n<p>&nbsp;<\/p>\n<p><strong><img loading=\"lazy\" decoding=\"async\" class=\"size-full wp-image-3931 alignleft\" src=\"https:\/\/ecolemusiquetradvendee.fr\/wp-content\/uploads\/2023\/06\/gaelle_auger.png\" alt=\"\" width=\"150\" height=\"150\" \/>Ga\u00eblle AUGER <\/strong><span class=\"wixui-rich-text__text\">est tomb\u00e9e dans la marmite de la musique traditionnelle\u00a0<\/span>quand ses parents ont int\u00e9gr\u00e9 le groupe folklorique \u00ab\u00a0Tap Dou Pa\u00efe\u00a0\u00bb \u00e0 Saint Jean de Monts. Son apprentissage du r\u00e9pertoire va d\u2019abord se faire au sein du groupe par le biais de diff\u00e9rents intervenants sollicit\u00e9s tels que Evelyne Girardon, Miguel Henry. Par la suite elle a perfectionn\u00e9 sa technique lors de ces diff\u00e9rents stages, notamment aupr\u00e8s du trio Brou-Hamon-Quimbert, d\u2019Anne-Lise Foy, et d\u2019autres encore\u2026<\/p>\n<p>&nbsp;<\/p>\n<p class=\"font_8 wixui-rich-text__text\">Longtemps,\u00a0<span class=\"wixui-rich-text__text\">Ga\u00eblle a mis sa musique et son chant au service du bal trad vend\u00e9en\u00a0<\/span>avec notamment les groupes\u00a0 \u00ab\u00a0Miss\u2019Ter\u00a0\u00bb ou \u00ab\u00a0Meneuses !\u00a0\u00bb. <span class=\"wixui-rich-text__text\">Elle participe \u00e0 plusieurs projets ponctuels autour de la chanson traditionnelle<\/span>\u00a0(projet baroque\/traditionnel dirig\u00e9 par Damien Pouvreau en 2021, duo avec Micha\u00ebl Auger, etc\u2026)<\/p>\n<p>&nbsp;<\/p>\n<hr \/>\n<p><strong><img loading=\"lazy\" decoding=\"async\" class=\"wp-image-4130 size-full alignright\" src=\"https:\/\/ecolemusiquetradvendee.fr\/wp-content\/uploads\/2023\/07\/michael_auger.png\" alt=\"\" width=\"150\" height=\"150\" \/>Micha\u00ebl AUGER <\/strong>est l&rsquo;un des joueurs d&rsquo;accord\u00e9on diatonique des plus brillants de sa g\u00e9n\u00e9ration. On le connait bien sur comme accord\u00e9oniste dans les groupes <a href=\"https:\/\/arbadetorne.com\/\" target=\"_blank\" rel=\"noopener noreferrer\">ARBADETORNE<\/a>, TRIO ACM, <a href=\"https:\/\/www.klakba.com\/\" target=\"_blank\" rel=\"noopener\">TRIO KLAKBA<\/a>. Il est aussi pr\u00e9sent sur deux pistes du disque Accord\u00e9ons Pas Pareil Vol 4 et vient de sortir deux recueils de r\u00e9pertoire Vend\u00e9e-Poitou pour accord\u00e9on diatonique.<\/p>\n<p>&nbsp;<\/p>\n<p>Poss\u00e9dant une grande finesse m\u00e9lodique alli\u00e9e \u00e0 une remarquable dext\u00e9rit\u00e9, il construit un jeu intelligent inspir\u00e9, tout \u00e0 la fois, des ambiances cr\u00e9\u00e9es par la guitare et du style des violons du haut bocage.<\/p>\n<p>&nbsp;<\/p>\n<p>Musicien professionnel depuis plus de vingt ans et artiste sur sc\u00e8ne, il est \u00e9galement enseignant, titulaire du DE pour l\u2019enseignement de l\u2019accord\u00e9on diatonique.<\/p>\n<p>&nbsp;<\/p>\n<hr \/>\n<p><strong><img loading=\"lazy\" decoding=\"async\" class=\"alignleft wp-image-3927 size-thumbnail\" src=\"https:\/\/ecolemusiquetradvendee.fr\/wp-content\/uploads\/2023\/06\/maxime_chevrier-150x150.jpg\" alt=\"\" width=\"150\" height=\"150\" srcset=\"https:\/\/ecolemusiquetradvendee.fr\/wp-content\/uploads\/2023\/06\/maxime_chevrier-150x150.jpg 150w, https:\/\/ecolemusiquetradvendee.fr\/wp-content\/uploads\/2023\/06\/maxime_chevrier-300x300.jpg 300w, https:\/\/ecolemusiquetradvendee.fr\/wp-content\/uploads\/2023\/06\/maxime_chevrier-768x768.jpg 768w, https:\/\/ecolemusiquetradvendee.fr\/wp-content\/uploads\/2023\/06\/maxime_chevrier.jpg 886w\" sizes=\"auto, (max-width: 150px) 100vw, 150px\" \/>Maxime CHEVRIER :\u00a0<\/strong>Musicien, chanteur, danseur, conteur et tous les autres \u00ab eur \u00bb heureux que vous voudrez imaginer !\u00a0Maxime s\u2019est fait une sp\u00e9cialit\u00e9 de touche \u00e0 tout pour faire vivre l\u2019art de la parole et du mouvement \u00e0 la fa\u00e7on des anciens \u00ab\u00a0amuseurs de noce\u00a0\u00bb avec un objectif unique et assum\u00e9\u2026 divertir le monde\u00a0! C\u2019est peu et c\u2019est tellement.<\/p>\n<p>&nbsp;<\/p>\n<p style=\"font-weight: 400;\">Transmetteur, il enseigne le violon dans le cadre de l\u2019Ecole D\u00e9partementale des Musiques Traditionnelles en Vend\u00e9e ainsi que le chant dans le cadre d\u2019ateliers associatifs. La danse partout o\u00f9 on lui demande\u00a0!<\/p>\n<p>&nbsp;<\/p>\n<p><em>\u21d2 Pour en savoir plus sur Maxime, RDV sur son site internet :\u00a0<a href=\"https:\/\/maximechevrier8.wixsite.com\/conteurmusicien\" target=\"_blank\" rel=\"noopener\">https:\/\/maximechevrier8.wixsite.com\/conteurmusicien<\/a><\/em><\/p>\n<p>&nbsp;<\/p>\n<hr \/>\n<p><strong><img loading=\"lazy\" decoding=\"async\" class=\"alignright wp-image-3929 size-thumbnail\" src=\"https:\/\/ecolemusiquetradvendee.fr\/wp-content\/uploads\/2023\/06\/sylvain_legay-150x150.jpg\" alt=\"\" width=\"150\" height=\"150\" srcset=\"https:\/\/ecolemusiquetradvendee.fr\/wp-content\/uploads\/2023\/06\/sylvain_legay-150x150.jpg 150w, https:\/\/ecolemusiquetradvendee.fr\/wp-content\/uploads\/2023\/06\/sylvain_legay-300x300.jpg 300w, https:\/\/ecolemusiquetradvendee.fr\/wp-content\/uploads\/2023\/06\/sylvain_legay-768x768.jpg 768w, https:\/\/ecolemusiquetradvendee.fr\/wp-content\/uploads\/2023\/06\/sylvain_legay.jpg 886w\" sizes=\"auto, (max-width: 150px) 100vw, 150px\" \/>Sylvain LEGAY : <\/strong>Multi instrumentiste (accord\u00e9on, cornemuses) et dipl\u00f4m\u00e9 d\u2019\u00c9tat en musique traditionnelle, Sylvain a d\u00e9velopp\u00e9 une passion particuli\u00e8re pour la vielle \u00e0 roue qu\u2019il enseigne depuis plus de 20 ans \u00e0 des publics divers et vari\u00e9s. Sa longue exp\u00e9rience lui permet de s\u2019appuyer sur un large r\u00e9pertoire issu principalement du Centre de la France mais aussi de Vend\u00e9e o\u00f9 il participe activement au renouveau de cet instrument. Il enseigne la vielle \u00e0 roue au sein des 3 antennes d&rsquo;enseignement de notre \u00e9cole d\u00e9partementale.<\/p>\n<p>&nbsp;<\/p>\n<hr \/>\n<p><strong><img loading=\"lazy\" decoding=\"async\" class=\"size-full wp-image-3932 alignleft\" src=\"https:\/\/ecolemusiquetradvendee.fr\/wp-content\/uploads\/2023\/06\/frederic_martineau.png\" alt=\"\" width=\"150\" height=\"150\" \/>Fr\u00e9d\u00e9ric MARTINEAU : <\/strong>D&rsquo;une famille de musiciens, Fr\u00e9d\u00e9ric a tr\u00e8s t\u00f4t commenc\u00e9 \u00e0 jouer de diff\u00e9rents instruments (clavier, guitare, trompette, fl\u00fbte \u00e0 bec, harmonica&#8230;) en essayant de reproduire ce qu&rsquo;il entendait. Eloign\u00e9 de la Vend\u00e9e pendant pr\u00e8s de 8 ans pour des raisons professionnelles, c&rsquo;est en revenant qu&rsquo;il a pris conscience de l&rsquo;importance de conna\u00eetre ses racines et qu&rsquo;il s&rsquo;est davantage int\u00e9ress\u00e9 \u00e0 l&rsquo;histoire de la Vend\u00e9e et \u00e0 ses traditions.<\/p>\n<p>&nbsp;<\/p>\n<p>C&rsquo;est en 2007 qu&rsquo;une amie lui fait conna\u00eetre l&rsquo;association D.A.C.TRAD et son \u00e9cole de musique traditionnelle dans laquelle elle joue de la veuze. Il s&rsquo;y inscrit dans la foul\u00e9e et prend des cours entre autres avec Thierry Bertrand. Ce dernier lui donnera des astuces pour transmettre \u00e0 son tour l&rsquo;enseignement de cet instrument aupr\u00e8s des \u00e9l\u00e8ves, de l&rsquo;\u00c9cole D\u00e9partementale de Musique Traditionnelle en Vend\u00e9e, depuis 2013.<\/p>\n<p>&nbsp;<\/p>\n<hr \/>\n<p><strong><img loading=\"lazy\" decoding=\"async\" class=\"wp-image-4275 size-full alignright\" src=\"https:\/\/ecolemusiquetradvendee.fr\/wp-content\/uploads\/2023\/09\/baptiste_joly-150x150-1.jpg\" alt=\"\" width=\"150\" height=\"150\" \/>Baptiste JOLY : <\/strong>Jeune enseignant de 24 ans, originaire du Poitou, Baptiste enseigne depuis la rentr\u00e9e 2023 au sein de l\u2019\u00c9cole D\u00e9partementale de Musique Traditionnelle en Vend\u00e9e, \u00e0 l&rsquo;antenne de Saint Jean de Monts. Il a d\u00e9but\u00e9 l\u2019accord\u00e9on \u00e0 l\u2019\u00e2ge de 7 ans au sein d\u2019un groupe folklorique (Lo Gerbo Baudo de Confolens). Apr\u00e8s une courte formation en lutherie au cours de laquelle il s\u2019est fabriqu\u00e9 son propre accord\u00e9on, il a obtenu r\u00e9cemment son Dipl\u00f4me Universitaire de Musicien Intervenant (DUMI) \u00e0 l\u2019Universit\u00e9 de Poitiers. Multi-instrumentiste (accord\u00e9on, guitare, basse, batterie, percussions, fl\u00fbte, chant), Baptiste joue \u00e9galement dans plusieurs formations musicales (<span id=\"OBJ_PREFIX_DWT1275_com_zimbra_url\" class=\"Object\" role=\"link\"><span id=\"OBJ_PREFIX_DWT1288_com_zimbra_url\" class=\"Object\" role=\"link\"><a href=\"https:\/\/www.facebook.com\/hazagui\" target=\"_blank\" rel=\"noopener nofollow noreferrer\">Hazagui<\/a><\/span><\/span>,\u00a0<span id=\"OBJ_PREFIX_DWT1276_com_zimbra_url\" class=\"Object\" role=\"link\"><span id=\"OBJ_PREFIX_DWT1289_com_zimbra_url\" class=\"Object\" role=\"link\"><a href=\"https:\/\/www.facebook.com\/profile.php?id=100079664053706\" target=\"_blank\" rel=\"noopener nofollow noreferrer\">Duo opportune<\/a><\/span><\/span>\u2026). Malgr\u00e9 tout, l\u2019accord\u00e9on reste son instrument de pr\u00e9dilection et il aspire \u00e0 transmettre sa passion de l\u2019accord\u00e9on \u00e0 ses \u00e9l\u00e8ves.<\/p>\n<p>&nbsp;<\/p>\n<p>&nbsp;<\/p>\n<p>&nbsp;<\/p>\n<p style=\"text-align: center;\"><a class=\"maxbutton-4 maxbutton maxbutton-l-ecole-de-musique\" href=\"https:\/\/ecolemusiquetradvendee.fr\/index.php\/notre-ecole\/qui-sommes-nous-2\/\"><span class='mb-text'>L&#039;\u00c9cole de Musique<\/span><\/a> \u00a0| <a class=\"maxbutton-5 maxbutton maxbutton-nos-cours\" href=\"https:\/\/ecolemusiquetradvendee.fr\/index.php\/notre-ecole\/cours-musique-chant\/\"><span class='mb-text'>Nos Cours de Musique et Chant<\/span><\/a> | <a class=\"maxbutton-7 maxbutton maxbutton-s-inscrire\" href=\"https:\/\/ecolemusiquetradvendee.fr\/index.php\/notre-ecole\/sinscrire\/\"><span class='mb-text'>S&#039;inscrire<\/span><\/a><\/p>\n","protected":false},"excerpt":{"rendered":"<p>\u00a0| | &nbsp; &nbsp; Les cours sont dispens\u00e9s par 6 professeurs dipl\u00f4m\u00e9s d\u2019\u00c9tat en Musique Traditionnelle et\/ou exp\u00e9riment\u00e9s. &nbsp; Ga\u00eblle AUGER est tomb\u00e9e dans la marmite de la musique traditionnelle\u00a0quand ses parents ont int\u00e9gr\u00e9 le groupe folklorique \u00ab\u00a0Tap Dou Pa\u00efe\u00a0\u00bb \u00e0 Saint Jean de Monts. Son apprentissage du r\u00e9pertoire va d\u2019abord se faire au sein [&hellip;]<\/p>\n","protected":false},"author":1,"featured_media":0,"parent":21,"menu_order":0,"comment_status":"closed","ping_status":"closed","template":"","meta":{"footnotes":""},"class_list":["post-20","page","type-page","status-publish","hentry"],"yoast_head":"<!-- This site is optimized with the Yoast SEO plugin v27.1.1 - https:\/\/yoast.com\/product\/yoast-seo-wordpress\/ -->\n<title>Nos Professeurs - F\u00e9d\u00e9ration de l&#039;Ecole D\u00e9partementale de Musique Traditionnelle en Vend\u00e9e<\/title>\n<meta name=\"description\" content=\"Nos cours de musique et chant sont dispens\u00e9s par 6 professeurs dipl\u00f4m\u00e9s d\u2019\u00c9tat en Musique Traditionnelle et\/ou exp\u00e9riment\u00e9s.\" \/>\n<meta name=\"robots\" content=\"index, follow, max-snippet:-1, max-image-preview:large, max-video-preview:-1\" \/>\n<link rel=\"canonical\" href=\"https:\/\/ecolemusiquetradvendee.fr\/index.php\/notre-ecole\/nos-professeurs\/\" \/>\n<meta property=\"og:locale\" content=\"fr_FR\" \/>\n<meta property=\"og:type\" content=\"article\" \/>\n<meta property=\"og:title\" content=\"Nos Professeurs - F\u00e9d\u00e9ration de l&#039;Ecole D\u00e9partementale de Musique Traditionnelle en Vend\u00e9e\" \/>\n<meta property=\"og:description\" content=\"Nos cours de musique et chant sont dispens\u00e9s par 6 professeurs dipl\u00f4m\u00e9s d\u2019\u00c9tat en Musique Traditionnelle et\/ou exp\u00e9riment\u00e9s.\" \/>\n<meta property=\"og:url\" content=\"https:\/\/ecolemusiquetradvendee.fr\/index.php\/notre-ecole\/nos-professeurs\/\" \/>\n<meta property=\"og:site_name\" content=\"F\u00e9d\u00e9ration de l&#039;Ecole D\u00e9partementale de Musique Traditionnelle en Vend\u00e9e\" \/>\n<meta property=\"article:publisher\" content=\"https:\/\/www.facebook.com\/EDMTV85\" \/>\n<meta property=\"article:modified_time\" content=\"2025-08-16T16:48:52+00:00\" \/>\n<meta property=\"og:image\" content=\"https:\/\/ecolemusiquetradvendee.fr\/wp-content\/uploads\/2023\/06\/gaelle_auger.png\" \/>\n\t<meta property=\"og:image:width\" content=\"150\" \/>\n\t<meta property=\"og:image:height\" content=\"150\" \/>\n\t<meta property=\"og:image:type\" content=\"image\/png\" \/>\n<meta name=\"twitter:card\" content=\"summary_large_image\" \/>\n<meta name=\"twitter:label1\" content=\"Dur\u00e9e de lecture estim\u00e9e\" \/>\n\t<meta name=\"twitter:data1\" content=\"5 minutes\" \/>\n<script type=\"application\/ld+json\" class=\"yoast-schema-graph\">{\"@context\":\"https:\/\/schema.org\",\"@graph\":[{\"@type\":\"WebPage\",\"@id\":\"https:\/\/ecolemusiquetradvendee.fr\/index.php\/notre-ecole\/nos-professeurs\/\",\"url\":\"https:\/\/ecolemusiquetradvendee.fr\/index.php\/notre-ecole\/nos-professeurs\/\",\"name\":\"Nos Professeurs - F\u00e9d\u00e9ration de l&#039;Ecole D\u00e9partementale de Musique Traditionnelle en Vend\u00e9e\",\"isPartOf\":{\"@id\":\"https:\/\/ecolemusiquetradvendee.fr\/#website\"},\"primaryImageOfPage\":{\"@id\":\"https:\/\/ecolemusiquetradvendee.fr\/index.php\/notre-ecole\/nos-professeurs\/#primaryimage\"},\"image\":{\"@id\":\"https:\/\/ecolemusiquetradvendee.fr\/index.php\/notre-ecole\/nos-professeurs\/#primaryimage\"},\"thumbnailUrl\":\"https:\/\/ecolemusiquetradvendee.fr\/wp-content\/uploads\/2023\/06\/gaelle_auger.png\",\"datePublished\":\"2023-06-13T20:05:14+00:00\",\"dateModified\":\"2025-08-16T16:48:52+00:00\",\"description\":\"Nos cours de musique et chant sont dispens\u00e9s par 6 professeurs dipl\u00f4m\u00e9s d\u2019\u00c9tat en Musique Traditionnelle et\/ou exp\u00e9riment\u00e9s.\",\"breadcrumb\":{\"@id\":\"https:\/\/ecolemusiquetradvendee.fr\/index.php\/notre-ecole\/nos-professeurs\/#breadcrumb\"},\"inLanguage\":\"fr-FR\",\"potentialAction\":[{\"@type\":\"ReadAction\",\"target\":[\"https:\/\/ecolemusiquetradvendee.fr\/index.php\/notre-ecole\/nos-professeurs\/\"]}]},{\"@type\":\"ImageObject\",\"inLanguage\":\"fr-FR\",\"@id\":\"https:\/\/ecolemusiquetradvendee.fr\/index.php\/notre-ecole\/nos-professeurs\/#primaryimage\",\"url\":\"https:\/\/ecolemusiquetradvendee.fr\/wp-content\/uploads\/2023\/06\/gaelle_auger.png\",\"contentUrl\":\"https:\/\/ecolemusiquetradvendee.fr\/wp-content\/uploads\/2023\/06\/gaelle_auger.png\",\"width\":150,\"height\":150},{\"@type\":\"BreadcrumbList\",\"@id\":\"https:\/\/ecolemusiquetradvendee.fr\/index.php\/notre-ecole\/nos-professeurs\/#breadcrumb\",\"itemListElement\":[{\"@type\":\"ListItem\",\"position\":1,\"name\":\"Accueil\",\"item\":\"https:\/\/ecolemusiquetradvendee.fr\/\"},{\"@type\":\"ListItem\",\"position\":2,\"name\":\"L&rsquo;\u00e9cole de Musique\",\"item\":\"https:\/\/ecolemusiquetradvendee.fr\/index.php\/notre-ecole\/\"},{\"@type\":\"ListItem\",\"position\":3,\"name\":\"Nos Professeurs\"}]},{\"@type\":\"WebSite\",\"@id\":\"https:\/\/ecolemusiquetradvendee.fr\/#website\",\"url\":\"https:\/\/ecolemusiquetradvendee.fr\/\",\"name\":\"ecolemusiquetradvendee.fr\",\"description\":\"\",\"publisher\":{\"@id\":\"https:\/\/ecolemusiquetradvendee.fr\/#organization\"},\"potentialAction\":[{\"@type\":\"SearchAction\",\"target\":{\"@type\":\"EntryPoint\",\"urlTemplate\":\"https:\/\/ecolemusiquetradvendee.fr\/?s={search_term_string}\"},\"query-input\":{\"@type\":\"PropertyValueSpecification\",\"valueRequired\":true,\"valueName\":\"search_term_string\"}}],\"inLanguage\":\"fr-FR\"},{\"@type\":\"Organization\",\"@id\":\"https:\/\/ecolemusiquetradvendee.fr\/#organization\",\"name\":\"F\u00e9d\u00e9ration de l'Ecole D\u00e9partementale de Musique Traditionnelle en Vend\u00e9e\",\"url\":\"https:\/\/ecolemusiquetradvendee.fr\/\",\"logo\":{\"@type\":\"ImageObject\",\"inLanguage\":\"fr-FR\",\"@id\":\"https:\/\/ecolemusiquetradvendee.fr\/#\/schema\/logo\/image\/\",\"url\":\"https:\/\/ecolemusiquetradvendee.fr\/wp-content\/uploads\/2023\/06\/cropped-cropped-logo_fede_V2-e1686778642970.jpg\",\"contentUrl\":\"https:\/\/ecolemusiquetradvendee.fr\/wp-content\/uploads\/2023\/06\/cropped-cropped-logo_fede_V2-e1686778642970.jpg\",\"width\":200,\"height\":200,\"caption\":\"F\u00e9d\u00e9ration de l'Ecole D\u00e9partementale de Musique Traditionnelle en Vend\u00e9e\"},\"image\":{\"@id\":\"https:\/\/ecolemusiquetradvendee.fr\/#\/schema\/logo\/image\/\"},\"sameAs\":[\"https:\/\/www.facebook.com\/EDMTV85\"]}]}<\/script>\n<!-- \/ Yoast SEO plugin. -->","yoast_head_json":{"title":"Nos Professeurs - F\u00e9d\u00e9ration de l&#039;Ecole D\u00e9partementale de Musique Traditionnelle en Vend\u00e9e","description":"Nos cours de musique et chant sont dispens\u00e9s par 6 professeurs dipl\u00f4m\u00e9s d\u2019\u00c9tat en Musique Traditionnelle et\/ou exp\u00e9riment\u00e9s.","robots":{"index":"index","follow":"follow","max-snippet":"max-snippet:-1","max-image-preview":"max-image-preview:large","max-video-preview":"max-video-preview:-1"},"canonical":"https:\/\/ecolemusiquetradvendee.fr\/index.php\/notre-ecole\/nos-professeurs\/","og_locale":"fr_FR","og_type":"article","og_title":"Nos Professeurs - F\u00e9d\u00e9ration de l&#039;Ecole D\u00e9partementale de Musique Traditionnelle en Vend\u00e9e","og_description":"Nos cours de musique et chant sont dispens\u00e9s par 6 professeurs dipl\u00f4m\u00e9s d\u2019\u00c9tat en Musique Traditionnelle et\/ou exp\u00e9riment\u00e9s.","og_url":"https:\/\/ecolemusiquetradvendee.fr\/index.php\/notre-ecole\/nos-professeurs\/","og_site_name":"F\u00e9d\u00e9ration de l&#039;Ecole D\u00e9partementale de Musique Traditionnelle en Vend\u00e9e","article_publisher":"https:\/\/www.facebook.com\/EDMTV85","article_modified_time":"2025-08-16T16:48:52+00:00","og_image":[{"width":150,"height":150,"url":"https:\/\/ecolemusiquetradvendee.fr\/wp-content\/uploads\/2023\/06\/gaelle_auger.png","type":"image\/png"}],"twitter_card":"summary_large_image","twitter_misc":{"Dur\u00e9e de lecture estim\u00e9e":"5 minutes"},"schema":{"@context":"https:\/\/schema.org","@graph":[{"@type":"WebPage","@id":"https:\/\/ecolemusiquetradvendee.fr\/index.php\/notre-ecole\/nos-professeurs\/","url":"https:\/\/ecolemusiquetradvendee.fr\/index.php\/notre-ecole\/nos-professeurs\/","name":"Nos Professeurs - F\u00e9d\u00e9ration de l&#039;Ecole D\u00e9partementale de Musique Traditionnelle en Vend\u00e9e","isPartOf":{"@id":"https:\/\/ecolemusiquetradvendee.fr\/#website"},"primaryImageOfPage":{"@id":"https:\/\/ecolemusiquetradvendee.fr\/index.php\/notre-ecole\/nos-professeurs\/#primaryimage"},"image":{"@id":"https:\/\/ecolemusiquetradvendee.fr\/index.php\/notre-ecole\/nos-professeurs\/#primaryimage"},"thumbnailUrl":"https:\/\/ecolemusiquetradvendee.fr\/wp-content\/uploads\/2023\/06\/gaelle_auger.png","datePublished":"2023-06-13T20:05:14+00:00","dateModified":"2025-08-16T16:48:52+00:00","description":"Nos cours de musique et chant sont dispens\u00e9s par 6 professeurs dipl\u00f4m\u00e9s d\u2019\u00c9tat en Musique Traditionnelle et\/ou exp\u00e9riment\u00e9s.","breadcrumb":{"@id":"https:\/\/ecolemusiquetradvendee.fr\/index.php\/notre-ecole\/nos-professeurs\/#breadcrumb"},"inLanguage":"fr-FR","potentialAction":[{"@type":"ReadAction","target":["https:\/\/ecolemusiquetradvendee.fr\/index.php\/notre-ecole\/nos-professeurs\/"]}]},{"@type":"ImageObject","inLanguage":"fr-FR","@id":"https:\/\/ecolemusiquetradvendee.fr\/index.php\/notre-ecole\/nos-professeurs\/#primaryimage","url":"https:\/\/ecolemusiquetradvendee.fr\/wp-content\/uploads\/2023\/06\/gaelle_auger.png","contentUrl":"https:\/\/ecolemusiquetradvendee.fr\/wp-content\/uploads\/2023\/06\/gaelle_auger.png","width":150,"height":150},{"@type":"BreadcrumbList","@id":"https:\/\/ecolemusiquetradvendee.fr\/index.php\/notre-ecole\/nos-professeurs\/#breadcrumb","itemListElement":[{"@type":"ListItem","position":1,"name":"Accueil","item":"https:\/\/ecolemusiquetradvendee.fr\/"},{"@type":"ListItem","position":2,"name":"L&rsquo;\u00e9cole de Musique","item":"https:\/\/ecolemusiquetradvendee.fr\/index.php\/notre-ecole\/"},{"@type":"ListItem","position":3,"name":"Nos Professeurs"}]},{"@type":"WebSite","@id":"https:\/\/ecolemusiquetradvendee.fr\/#website","url":"https:\/\/ecolemusiquetradvendee.fr\/","name":"ecolemusiquetradvendee.fr","description":"","publisher":{"@id":"https:\/\/ecolemusiquetradvendee.fr\/#organization"},"potentialAction":[{"@type":"SearchAction","target":{"@type":"EntryPoint","urlTemplate":"https:\/\/ecolemusiquetradvendee.fr\/?s={search_term_string}"},"query-input":{"@type":"PropertyValueSpecification","valueRequired":true,"valueName":"search_term_string"}}],"inLanguage":"fr-FR"},{"@type":"Organization","@id":"https:\/\/ecolemusiquetradvendee.fr\/#organization","name":"F\u00e9d\u00e9ration de l'Ecole D\u00e9partementale de Musique Traditionnelle en Vend\u00e9e","url":"https:\/\/ecolemusiquetradvendee.fr\/","logo":{"@type":"ImageObject","inLanguage":"fr-FR","@id":"https:\/\/ecolemusiquetradvendee.fr\/#\/schema\/logo\/image\/","url":"https:\/\/ecolemusiquetradvendee.fr\/wp-content\/uploads\/2023\/06\/cropped-cropped-logo_fede_V2-e1686778642970.jpg","contentUrl":"https:\/\/ecolemusiquetradvendee.fr\/wp-content\/uploads\/2023\/06\/cropped-cropped-logo_fede_V2-e1686778642970.jpg","width":200,"height":200,"caption":"F\u00e9d\u00e9ration de l'Ecole D\u00e9partementale de Musique Traditionnelle en Vend\u00e9e"},"image":{"@id":"https:\/\/ecolemusiquetradvendee.fr\/#\/schema\/logo\/image\/"},"sameAs":["https:\/\/www.facebook.com\/EDMTV85"]}]}},"_links":{"self":[{"href":"https:\/\/ecolemusiquetradvendee.fr\/index.php\/wp-json\/wp\/v2\/pages\/20","targetHints":{"allow":["GET"]}}],"collection":[{"href":"https:\/\/ecolemusiquetradvendee.fr\/index.php\/wp-json\/wp\/v2\/pages"}],"about":[{"href":"https:\/\/ecolemusiquetradvendee.fr\/index.php\/wp-json\/wp\/v2\/types\/page"}],"author":[{"embeddable":true,"href":"https:\/\/ecolemusiquetradvendee.fr\/index.php\/wp-json\/wp\/v2\/users\/1"}],"replies":[{"embeddable":true,"href":"https:\/\/ecolemusiquetradvendee.fr\/index.php\/wp-json\/wp\/v2\/comments?post=20"}],"version-history":[{"count":13,"href":"https:\/\/ecolemusiquetradvendee.fr\/index.php\/wp-json\/wp\/v2\/pages\/20\/revisions"}],"predecessor-version":[{"id":4276,"href":"https:\/\/ecolemusiquetradvendee.fr\/index.php\/wp-json\/wp\/v2\/pages\/20\/revisions\/4276"}],"up":[{"embeddable":true,"href":"https:\/\/ecolemusiquetradvendee.fr\/index.php\/wp-json\/wp\/v2\/pages\/21"}],"wp:attachment":[{"href":"https:\/\/ecolemusiquetradvendee.fr\/index.php\/wp-json\/wp\/v2\/media?parent=20"}],"curies":[{"name":"wp","href":"https:\/\/api.w.org\/{rel}","templated":true}]}}