{"id":2718,"date":"2019-01-28T07:02:13","date_gmt":"2019-01-28T07:02:13","guid":{"rendered":"http:\/\/www.nayrathemes.com\/demo\/pro\/startkit\/?page_id=7"},"modified":"2025-08-16T18:48:52","modified_gmt":"2025-08-16T16:48:52","slug":"home-2","status":"publish","type":"page","link":"https:\/\/ecolemusiquetradvendee.fr\/","title":{"rendered":"Home Default Slider"},"content":{"rendered":"","protected":false},"excerpt":{"rendered":"","protected":false},"author":1,"featured_media":0,"parent":0,"menu_order":0,"comment_status":"closed","ping_status":"closed","template":"templates\/template-homepage-default.php","meta":{"footnotes":""},"class_list":["post-2718","page","type-page","status-publish","hentry"],"yoast_head":"<!-- This site is optimized with the Yoast SEO plugin v27.1.1 - https:\/\/yoast.com\/product\/yoast-seo-wordpress\/ -->\n<title>Home Default Slider - F\u00e9d\u00e9ration de l&#039;Ecole D\u00e9partementale de Musique Traditionnelle en Vend\u00e9e<\/title>\n<meta name=\"robots\" content=\"index, follow, max-snippet:-1, max-image-preview:large, max-video-preview:-1\" \/>\n<link rel=\"canonical\" href=\"https:\/\/ecolemusiquetradvendee.fr\/\" \/>\n<meta property=\"og:locale\" content=\"fr_FR\" \/>\n<meta property=\"og:type\" content=\"article\" \/>\n<meta property=\"og:title\" content=\"Home Default Slider - F\u00e9d\u00e9ration de l&#039;Ecole D\u00e9partementale de Musique Traditionnelle en Vend\u00e9e\" \/>\n<meta property=\"og:url\" content=\"https:\/\/ecolemusiquetradvendee.fr\/\" \/>\n<meta property=\"og:site_name\" content=\"F\u00e9d\u00e9ration de l&#039;Ecole D\u00e9partementale de Musique Traditionnelle en Vend\u00e9e\" \/>\n<meta property=\"article:publisher\" content=\"https:\/\/www.facebook.com\/EDMTV85\" \/>\n<meta property=\"article:modified_time\" content=\"2025-08-16T16:48:52+00:00\" \/>\n<meta name=\"twitter:card\" content=\"summary_large_image\" \/>\n<script type=\"application\/ld+json\" class=\"yoast-schema-graph\">{\"@context\":\"https:\/\/schema.org\",\"@graph\":[{\"@type\":\"WebPage\",\"@id\":\"https:\/\/ecolemusiquetradvendee.fr\/\",\"url\":\"https:\/\/ecolemusiquetradvendee.fr\/\",\"name\":\"Home Default Slider - F\u00e9d\u00e9ration de l&#039;Ecole D\u00e9partementale de Musique Traditionnelle en Vend\u00e9e\",\"isPartOf\":{\"@id\":\"https:\/\/ecolemusiquetradvendee.fr\/#website\"},\"datePublished\":\"2019-01-28T07:02:13+00:00\",\"dateModified\":\"2025-08-16T16:48:52+00:00\",\"breadcrumb\":{\"@id\":\"https:\/\/ecolemusiquetradvendee.fr\/#breadcrumb\"},\"inLanguage\":\"fr-FR\",\"potentialAction\":[{\"@type\":\"ReadAction\",\"target\":[\"https:\/\/ecolemusiquetradvendee.fr\/\"]}]},{\"@type\":\"BreadcrumbList\",\"@id\":\"https:\/\/ecolemusiquetradvendee.fr\/#breadcrumb\",\"itemListElement\":[{\"@type\":\"ListItem\",\"position\":1,\"name\":\"Accueil\",\"item\":\"https:\/\/ecolemusiquetradvendee.fr\/\"},{\"@type\":\"ListItem\",\"position\":2,\"name\":\"Home Default Slider\"}]},{\"@type\":\"WebSite\",\"@id\":\"https:\/\/ecolemusiquetradvendee.fr\/#website\",\"url\":\"https:\/\/ecolemusiquetradvendee.fr\/\",\"name\":\"ecolemusiquetradvendee.fr\",\"description\":\"\",\"publisher\":{\"@id\":\"https:\/\/ecolemusiquetradvendee.fr\/#organization\"},\"potentialAction\":[{\"@type\":\"SearchAction\",\"target\":{\"@type\":\"EntryPoint\",\"urlTemplate\":\"https:\/\/ecolemusiquetradvendee.fr\/?s={search_term_string}\"},\"query-input\":{\"@type\":\"PropertyValueSpecification\",\"valueRequired\":true,\"valueName\":\"search_term_string\"}}],\"inLanguage\":\"fr-FR\"},{\"@type\":\"Organization\",\"@id\":\"https:\/\/ecolemusiquetradvendee.fr\/#organization\",\"name\":\"F\u00e9d\u00e9ration de l'Ecole D\u00e9partementale de Musique Traditionnelle en Vend\u00e9e\",\"url\":\"https:\/\/ecolemusiquetradvendee.fr\/\",\"logo\":{\"@type\":\"ImageObject\",\"inLanguage\":\"fr-FR\",\"@id\":\"https:\/\/ecolemusiquetradvendee.fr\/#\/schema\/logo\/image\/\",\"url\":\"https:\/\/ecolemusiquetradvendee.fr\/wp-content\/uploads\/2023\/06\/cropped-cropped-logo_fede_V2-e1686778642970.jpg\",\"contentUrl\":\"https:\/\/ecolemusiquetradvendee.fr\/wp-content\/uploads\/2023\/06\/cropped-cropped-logo_fede_V2-e1686778642970.jpg\",\"width\":200,\"height\":200,\"caption\":\"F\u00e9d\u00e9ration de l'Ecole D\u00e9partementale de Musique Traditionnelle en Vend\u00e9e\"},\"image\":{\"@id\":\"https:\/\/ecolemusiquetradvendee.fr\/#\/schema\/logo\/image\/\"},\"sameAs\":[\"https:\/\/www.facebook.com\/EDMTV85\"]}]}<\/script>\n<!-- \/ Yoast SEO plugin. -->","yoast_head_json":{"title":"Home Default Slider - F\u00e9d\u00e9ration de l&#039;Ecole D\u00e9partementale de Musique Traditionnelle en Vend\u00e9e","robots":{"index":"index","follow":"follow","max-snippet":"max-snippet:-1","max-image-preview":"max-image-preview:large","max-video-preview":"max-video-preview:-1"},"canonical":"https:\/\/ecolemusiquetradvendee.fr\/","og_locale":"fr_FR","og_type":"article","og_title":"Home Default Slider - F\u00e9d\u00e9ration de l&#039;Ecole D\u00e9partementale de Musique Traditionnelle en Vend\u00e9e","og_url":"https:\/\/ecolemusiquetradvendee.fr\/","og_site_name":"F\u00e9d\u00e9ration de l&#039;Ecole D\u00e9partementale de Musique Traditionnelle en Vend\u00e9e","article_publisher":"https:\/\/www.facebook.com\/EDMTV85","article_modified_time":"2025-08-16T16:48:52+00:00","twitter_card":"summary_large_image","schema":{"@context":"https:\/\/schema.org","@graph":[{"@type":"WebPage","@id":"https:\/\/ecolemusiquetradvendee.fr\/","url":"https:\/\/ecolemusiquetradvendee.fr\/","name":"Home Default Slider - F\u00e9d\u00e9ration de l&#039;Ecole D\u00e9partementale de Musique Traditionnelle en Vend\u00e9e","isPartOf":{"@id":"https:\/\/ecolemusiquetradvendee.fr\/#website"},"datePublished":"2019-01-28T07:02:13+00:00","dateModified":"2025-08-16T16:48:52+00:00","breadcrumb":{"@id":"https:\/\/ecolemusiquetradvendee.fr\/#breadcrumb"},"inLanguage":"fr-FR","potentialAction":[{"@type":"ReadAction","target":["https:\/\/ecolemusiquetradvendee.fr\/"]}]},{"@type":"BreadcrumbList","@id":"https:\/\/ecolemusiquetradvendee.fr\/#breadcrumb","itemListElement":[{"@type":"ListItem","position":1,"name":"Accueil","item":"https:\/\/ecolemusiquetradvendee.fr\/"},{"@type":"ListItem","position":2,"name":"Home Default Slider"}]},{"@type":"WebSite","@id":"https:\/\/ecolemusiquetradvendee.fr\/#website","url":"https:\/\/ecolemusiquetradvendee.fr\/","name":"ecolemusiquetradvendee.fr","description":"","publisher":{"@id":"https:\/\/ecolemusiquetradvendee.fr\/#organization"},"potentialAction":[{"@type":"SearchAction","target":{"@type":"EntryPoint","urlTemplate":"https:\/\/ecolemusiquetradvendee.fr\/?s={search_term_string}"},"query-input":{"@type":"PropertyValueSpecification","valueRequired":true,"valueName":"search_term_string"}}],"inLanguage":"fr-FR"},{"@type":"Organization","@id":"https:\/\/ecolemusiquetradvendee.fr\/#organization","name":"F\u00e9d\u00e9ration de l'Ecole D\u00e9partementale de Musique Traditionnelle en Vend\u00e9e","url":"https:\/\/ecolemusiquetradvendee.fr\/","logo":{"@type":"ImageObject","inLanguage":"fr-FR","@id":"https:\/\/ecolemusiquetradvendee.fr\/#\/schema\/logo\/image\/","url":"https:\/\/ecolemusiquetradvendee.fr\/wp-content\/uploads\/2023\/06\/cropped-cropped-logo_fede_V2-e1686778642970.jpg","contentUrl":"https:\/\/ecolemusiquetradvendee.fr\/wp-content\/uploads\/2023\/06\/cropped-cropped-logo_fede_V2-e1686778642970.jpg","width":200,"height":200,"caption":"F\u00e9d\u00e9ration de l'Ecole D\u00e9partementale de Musique Traditionnelle en Vend\u00e9e"},"image":{"@id":"https:\/\/ecolemusiquetradvendee.fr\/#\/schema\/logo\/image\/"},"sameAs":["https:\/\/www.facebook.com\/EDMTV85"]}]}},"_links":{"self":[{"href":"https:\/\/ecolemusiquetradvendee.fr\/index.php\/wp-json\/wp\/v2\/pages\/2718","targetHints":{"allow":["GET"]}}],"collection":[{"href":"https:\/\/ecolemusiquetradvendee.fr\/index.php\/wp-json\/wp\/v2\/pages"}],"about":[{"href":"https:\/\/ecolemusiquetradvendee.fr\/index.php\/wp-json\/wp\/v2\/types\/page"}],"author":[{"embeddable":true,"href":"https:\/\/ecolemusiquetradvendee.fr\/index.php\/wp-json\/wp\/v2\/users\/1"}],"replies":[{"embeddable":true,"href":"https:\/\/ecolemusiquetradvendee.fr\/index.php\/wp-json\/wp\/v2\/comments?post=2718"}],"version-history":[{"count":1,"href":"https:\/\/ecolemusiquetradvendee.fr\/index.php\/wp-json\/wp\/v2\/pages\/2718\/revisions"}],"predecessor-version":[{"id":4324,"href":"https:\/\/ecolemusiquetradvendee.fr\/index.php\/wp-json\/wp\/v2\/pages\/2718\/revisions\/4324"}],"wp:attachment":[{"href":"https:\/\/ecolemusiquetradvendee.fr\/index.php\/wp-json\/wp\/v2\/media?parent=2718"}],"curies":[{"name":"wp","href":"https:\/\/api.w.org\/{rel}","templated":true}]}}