{"id":4084,"date":"2023-07-01T21:27:49","date_gmt":"2023-07-01T19:27:49","guid":{"rendered":"https:\/\/ecolemusiquetradvendee.fr\/?page_id=4084"},"modified":"2025-08-16T18:48:52","modified_gmt":"2025-08-16T16:48:52","slug":"le-cd-danse-bien-tourne-bien","status":"publish","type":"page","link":"https:\/\/ecolemusiquetradvendee.fr\/index.php\/le-big-band-trad\/le-cd-danse-bien-tourne-bien\/","title":{"rendered":"Le CD \u00ab\u00a0Danse bien, tourne bien !\u00a0\u00bb"},"content":{"rendered":"<p style=\"text-align: center;\"><a class=\"maxbutton-8 maxbutton maxbutton-le-bbt-de-vendee\" href=\"https:\/\/ecolemusiquetradvendee.fr\/index.php\/le-big-band-trad\/presentation-de-lensemble\/\"><span class='mb-text'>Le BBT de Vend\u00e9e<\/span><\/a> | <a class=\"maxbutton-9 maxbutton maxbutton-le-cd-du-bbt\" href=\"https:\/\/ecolemusiquetradvendee.fr\/index.php\/le-big-band-trad\/le-cd-danse-bien-tourne-bien\/\"><span class='mb-text'>Le CD du BBT<\/span><\/a><\/p>\n<p>&nbsp;<\/p>\n<p>&nbsp;<\/p>\n<blockquote>\n<h3>Le CD du Big Band Trad de Vend\u00e9e <em>\u00ab\u00a0Danse bien, tourne bien !\u00a0\u00bb<\/em> et son cahier de r\u00e9pertoire musical sont parus en septembre 2020 !<\/h3>\n<\/blockquote>\n<p><img loading=\"lazy\" decoding=\"async\" class=\"alignleft wp-image-7031\" src=\"https:\/\/arexcpo-envendee.fr\/wp\/wp-content\/uploads\/2022\/06\/CDcahier_BBT-300x291.jpg\" sizes=\"auto, (max-width: 330px) 100vw, 330px\" srcset=\"https:\/\/arexcpo-envendee.fr\/wp\/wp-content\/uploads\/2022\/06\/CDcahier_BBT-300x291.jpg 300w, https:\/\/arexcpo-envendee.fr\/wp\/wp-content\/uploads\/2022\/06\/CDcahier_BBT-768x745.jpg 768w, https:\/\/arexcpo-envendee.fr\/wp\/wp-content\/uploads\/2022\/06\/CDcahier_BBT.jpg 960w\" alt=\"\" width=\"330\" height=\"320\" \/><\/p>\n<p>Le CD comprend\u00a0<em><strong>12 pi\u00e8ces du r\u00e9pertoire musical jou\u00e9 en Vend\u00e9e<\/strong><\/em>\u00a0:<\/p>\n<ol>\n<li>Demi-rond \u00ab\u00a0Le b\u00e2ton de vert pommier\u00a0\u00bb<\/li>\n<li>Suite de scottishs<\/li>\n<li>Suite de Branles de l\u2019Epine\/Noirmoutier<\/li>\n<li>Demi-Tour \u00ab\u00a0Ah que les femmes sont sottes\u00a0\u00bb<\/li>\n<li>Suite d\u2019Avant-Deux<\/li>\n<li>Valses \u00ab\u00a0Le Vol des tr\u00e9sors de l\u2019\u00e9glise\u00a0\u00bb\/ \u00ab\u00a0Les Deux Valseurs\u00a0\u00bb<\/li>\n<li>Suite de Maraichines<\/li>\n<li>Rond de l\u2019Ile d\u2019Yeu \u00ab\u00a0A St Malo beau port de mer\u00a0\u00bb<\/li>\n<li>Suite de Marchoises<\/li>\n<li>Suite de Mazurkas<\/li>\n<li>Paula\u00efe \u00ab\u00a0A Challans l\u2019y a t\u2019un bal\u00a0\u00bb<\/li>\n<li>Ronde avant-deux \u00ab\u00a0Dans le m\u00e9nage\u00a0\u00bb<\/li>\n<\/ol>\n<p>&nbsp;<\/p>\n<p><em>Le cahier de r\u00e9pertoire du B.B.T. contient une pr\u00e9sentation des 3 antennes d\u2019enseignement, les partitions des 12 pi\u00e8ces, des anecdotes et t\u00e9moignages ainsi que des autoportraits des professeurs.<\/em><\/p>\n<p>&nbsp;<\/p>\n<h4><strong>Le CD et son cahier de r\u00e9pertoire sont disponibles \u00e0 la vente aupr\u00e8s des 3 antennes d&rsquo;enseignement ainsi que de la F\u00e9d\u00e9ration.<\/strong><\/h4>\n<p><strong>Tarifs : <\/strong>12 \u20ac le CD | 15 \u20ac le cahier de r\u00e9pertoire du Big Band Trad&rsquo; de Vend\u00e9e<\/p>\n<p>&nbsp;<\/p>\n<p>&nbsp;<\/p>\n<p style=\"text-align: center;\"><a class=\"maxbutton-8 maxbutton maxbutton-le-bbt-de-vendee\" href=\"https:\/\/ecolemusiquetradvendee.fr\/index.php\/le-big-band-trad\/presentation-de-lensemble\/\"><span class='mb-text'>Le BBT de Vend\u00e9e<\/span><\/a> | <a class=\"maxbutton-9 maxbutton maxbutton-le-cd-du-bbt\" href=\"https:\/\/ecolemusiquetradvendee.fr\/index.php\/le-big-band-trad\/le-cd-danse-bien-tourne-bien\/\"><span class='mb-text'>Le CD du BBT<\/span><\/a><\/p>\n","protected":false},"excerpt":{"rendered":"<p>| &nbsp; &nbsp; Le CD du Big Band Trad de Vend\u00e9e \u00ab\u00a0Danse bien, tourne bien !\u00a0\u00bb et son cahier de r\u00e9pertoire musical sont parus en septembre 2020 ! Le CD comprend\u00a012 pi\u00e8ces du r\u00e9pertoire musical jou\u00e9 en Vend\u00e9e\u00a0: Demi-rond \u00ab\u00a0Le b\u00e2ton de vert pommier\u00a0\u00bb Suite de scottishs Suite de Branles de l\u2019Epine\/Noirmoutier Demi-Tour \u00ab\u00a0Ah que [&hellip;]<\/p>\n","protected":false},"author":1,"featured_media":0,"parent":15,"menu_order":0,"comment_status":"closed","ping_status":"closed","template":"","meta":{"footnotes":""},"class_list":["post-4084","page","type-page","status-publish","hentry"],"yoast_head":"<!-- This site is optimized with the Yoast SEO plugin v27.1.1 - https:\/\/yoast.com\/product\/yoast-seo-wordpress\/ -->\n<title>Le CD &quot;Danse bien, tourne bien !&quot; - F\u00e9d\u00e9ration de l&#039;Ecole D\u00e9partementale de Musique Traditionnelle en Vend\u00e9e<\/title>\n<meta name=\"description\" content=\"Le CD du Big Band Trad de Vend\u00e9e \u00ab\u00a0Danse bien, tourne bien !\u00a0\u00bb et son cahier de r\u00e9pertoire musical sont disponible \u00e0 la vente !\" \/>\n<meta name=\"robots\" content=\"index, follow, max-snippet:-1, max-image-preview:large, max-video-preview:-1\" \/>\n<link rel=\"canonical\" href=\"https:\/\/ecolemusiquetradvendee.fr\/index.php\/le-big-band-trad\/le-cd-danse-bien-tourne-bien\/\" \/>\n<meta property=\"og:locale\" content=\"fr_FR\" \/>\n<meta property=\"og:type\" content=\"article\" \/>\n<meta property=\"og:title\" content=\"Le CD &quot;Danse bien, tourne bien !&quot; - F\u00e9d\u00e9ration de l&#039;Ecole D\u00e9partementale de Musique Traditionnelle en Vend\u00e9e\" \/>\n<meta property=\"og:description\" content=\"Le CD du Big Band Trad de Vend\u00e9e \u00ab\u00a0Danse bien, tourne bien !\u00a0\u00bb et son cahier de r\u00e9pertoire musical sont disponible \u00e0 la vente !\" \/>\n<meta property=\"og:url\" content=\"https:\/\/ecolemusiquetradvendee.fr\/index.php\/le-big-band-trad\/le-cd-danse-bien-tourne-bien\/\" \/>\n<meta property=\"og:site_name\" content=\"F\u00e9d\u00e9ration de l&#039;Ecole D\u00e9partementale de Musique Traditionnelle en Vend\u00e9e\" \/>\n<meta property=\"article:publisher\" content=\"https:\/\/www.facebook.com\/EDMTV85\" \/>\n<meta property=\"article:modified_time\" content=\"2025-08-16T16:48:52+00:00\" \/>\n<meta name=\"twitter:card\" content=\"summary_large_image\" \/>\n<meta name=\"twitter:label1\" content=\"Dur\u00e9e de lecture estim\u00e9e\" \/>\n\t<meta name=\"twitter:data1\" content=\"2 minutes\" \/>\n<script type=\"application\/ld+json\" class=\"yoast-schema-graph\">{\"@context\":\"https:\/\/schema.org\",\"@graph\":[{\"@type\":\"WebPage\",\"@id\":\"https:\/\/ecolemusiquetradvendee.fr\/index.php\/le-big-band-trad\/le-cd-danse-bien-tourne-bien\/\",\"url\":\"https:\/\/ecolemusiquetradvendee.fr\/index.php\/le-big-band-trad\/le-cd-danse-bien-tourne-bien\/\",\"name\":\"Le CD \\\"Danse bien, tourne bien !\\\" - F\u00e9d\u00e9ration de l&#039;Ecole D\u00e9partementale de Musique Traditionnelle en Vend\u00e9e\",\"isPartOf\":{\"@id\":\"https:\/\/ecolemusiquetradvendee.fr\/#website\"},\"primaryImageOfPage\":{\"@id\":\"https:\/\/ecolemusiquetradvendee.fr\/index.php\/le-big-band-trad\/le-cd-danse-bien-tourne-bien\/#primaryimage\"},\"image\":{\"@id\":\"https:\/\/ecolemusiquetradvendee.fr\/index.php\/le-big-band-trad\/le-cd-danse-bien-tourne-bien\/#primaryimage\"},\"thumbnailUrl\":\"https:\/\/arexcpo-envendee.fr\/wp\/wp-content\/uploads\/2022\/06\/CDcahier_BBT-300x291.jpg\",\"datePublished\":\"2023-07-01T19:27:49+00:00\",\"dateModified\":\"2025-08-16T16:48:52+00:00\",\"description\":\"Le CD du Big Band Trad de Vend\u00e9e \u00ab\u00a0Danse bien, tourne bien !\u00a0\u00bb et son cahier de r\u00e9pertoire musical sont disponible \u00e0 la vente !\",\"breadcrumb\":{\"@id\":\"https:\/\/ecolemusiquetradvendee.fr\/index.php\/le-big-band-trad\/le-cd-danse-bien-tourne-bien\/#breadcrumb\"},\"inLanguage\":\"fr-FR\",\"potentialAction\":[{\"@type\":\"ReadAction\",\"target\":[\"https:\/\/ecolemusiquetradvendee.fr\/index.php\/le-big-band-trad\/le-cd-danse-bien-tourne-bien\/\"]}]},{\"@type\":\"ImageObject\",\"inLanguage\":\"fr-FR\",\"@id\":\"https:\/\/ecolemusiquetradvendee.fr\/index.php\/le-big-band-trad\/le-cd-danse-bien-tourne-bien\/#primaryimage\",\"url\":\"https:\/\/arexcpo-envendee.fr\/wp\/wp-content\/uploads\/2022\/06\/CDcahier_BBT-300x291.jpg\",\"contentUrl\":\"https:\/\/arexcpo-envendee.fr\/wp\/wp-content\/uploads\/2022\/06\/CDcahier_BBT-300x291.jpg\"},{\"@type\":\"BreadcrumbList\",\"@id\":\"https:\/\/ecolemusiquetradvendee.fr\/index.php\/le-big-band-trad\/le-cd-danse-bien-tourne-bien\/#breadcrumb\",\"itemListElement\":[{\"@type\":\"ListItem\",\"position\":1,\"name\":\"Accueil\",\"item\":\"https:\/\/ecolemusiquetradvendee.fr\/\"},{\"@type\":\"ListItem\",\"position\":2,\"name\":\"Le Big Band Trad&rsquo; de Vend\u00e9e\",\"item\":\"https:\/\/ecolemusiquetradvendee.fr\/index.php\/le-big-band-trad\/\"},{\"@type\":\"ListItem\",\"position\":3,\"name\":\"Le CD \u00ab\u00a0Danse bien, tourne bien !\u00a0\u00bb\"}]},{\"@type\":\"WebSite\",\"@id\":\"https:\/\/ecolemusiquetradvendee.fr\/#website\",\"url\":\"https:\/\/ecolemusiquetradvendee.fr\/\",\"name\":\"ecolemusiquetradvendee.fr\",\"description\":\"\",\"publisher\":{\"@id\":\"https:\/\/ecolemusiquetradvendee.fr\/#organization\"},\"potentialAction\":[{\"@type\":\"SearchAction\",\"target\":{\"@type\":\"EntryPoint\",\"urlTemplate\":\"https:\/\/ecolemusiquetradvendee.fr\/?s={search_term_string}\"},\"query-input\":{\"@type\":\"PropertyValueSpecification\",\"valueRequired\":true,\"valueName\":\"search_term_string\"}}],\"inLanguage\":\"fr-FR\"},{\"@type\":\"Organization\",\"@id\":\"https:\/\/ecolemusiquetradvendee.fr\/#organization\",\"name\":\"F\u00e9d\u00e9ration de l'Ecole D\u00e9partementale de Musique Traditionnelle en Vend\u00e9e\",\"url\":\"https:\/\/ecolemusiquetradvendee.fr\/\",\"logo\":{\"@type\":\"ImageObject\",\"inLanguage\":\"fr-FR\",\"@id\":\"https:\/\/ecolemusiquetradvendee.fr\/#\/schema\/logo\/image\/\",\"url\":\"https:\/\/ecolemusiquetradvendee.fr\/wp-content\/uploads\/2023\/06\/cropped-cropped-logo_fede_V2-e1686778642970.jpg\",\"contentUrl\":\"https:\/\/ecolemusiquetradvendee.fr\/wp-content\/uploads\/2023\/06\/cropped-cropped-logo_fede_V2-e1686778642970.jpg\",\"width\":200,\"height\":200,\"caption\":\"F\u00e9d\u00e9ration de l'Ecole D\u00e9partementale de Musique Traditionnelle en Vend\u00e9e\"},\"image\":{\"@id\":\"https:\/\/ecolemusiquetradvendee.fr\/#\/schema\/logo\/image\/\"},\"sameAs\":[\"https:\/\/www.facebook.com\/EDMTV85\"]}]}<\/script>\n<!-- \/ Yoast SEO plugin. -->","yoast_head_json":{"title":"Le CD \"Danse bien, tourne bien !\" - F\u00e9d\u00e9ration de l&#039;Ecole D\u00e9partementale de Musique Traditionnelle en Vend\u00e9e","description":"Le CD du Big Band Trad de Vend\u00e9e \u00ab\u00a0Danse bien, tourne bien !\u00a0\u00bb et son cahier de r\u00e9pertoire musical sont disponible \u00e0 la vente !","robots":{"index":"index","follow":"follow","max-snippet":"max-snippet:-1","max-image-preview":"max-image-preview:large","max-video-preview":"max-video-preview:-1"},"canonical":"https:\/\/ecolemusiquetradvendee.fr\/index.php\/le-big-band-trad\/le-cd-danse-bien-tourne-bien\/","og_locale":"fr_FR","og_type":"article","og_title":"Le CD \"Danse bien, tourne bien !\" - F\u00e9d\u00e9ration de l&#039;Ecole D\u00e9partementale de Musique Traditionnelle en Vend\u00e9e","og_description":"Le CD du Big Band Trad de Vend\u00e9e \u00ab\u00a0Danse bien, tourne bien !\u00a0\u00bb et son cahier de r\u00e9pertoire musical sont disponible \u00e0 la vente !","og_url":"https:\/\/ecolemusiquetradvendee.fr\/index.php\/le-big-band-trad\/le-cd-danse-bien-tourne-bien\/","og_site_name":"F\u00e9d\u00e9ration de l&#039;Ecole D\u00e9partementale de Musique Traditionnelle en Vend\u00e9e","article_publisher":"https:\/\/www.facebook.com\/EDMTV85","article_modified_time":"2025-08-16T16:48:52+00:00","twitter_card":"summary_large_image","twitter_misc":{"Dur\u00e9e de lecture estim\u00e9e":"2 minutes"},"schema":{"@context":"https:\/\/schema.org","@graph":[{"@type":"WebPage","@id":"https:\/\/ecolemusiquetradvendee.fr\/index.php\/le-big-band-trad\/le-cd-danse-bien-tourne-bien\/","url":"https:\/\/ecolemusiquetradvendee.fr\/index.php\/le-big-band-trad\/le-cd-danse-bien-tourne-bien\/","name":"Le CD \"Danse bien, tourne bien !\" - F\u00e9d\u00e9ration de l&#039;Ecole D\u00e9partementale de Musique Traditionnelle en Vend\u00e9e","isPartOf":{"@id":"https:\/\/ecolemusiquetradvendee.fr\/#website"},"primaryImageOfPage":{"@id":"https:\/\/ecolemusiquetradvendee.fr\/index.php\/le-big-band-trad\/le-cd-danse-bien-tourne-bien\/#primaryimage"},"image":{"@id":"https:\/\/ecolemusiquetradvendee.fr\/index.php\/le-big-band-trad\/le-cd-danse-bien-tourne-bien\/#primaryimage"},"thumbnailUrl":"https:\/\/arexcpo-envendee.fr\/wp\/wp-content\/uploads\/2022\/06\/CDcahier_BBT-300x291.jpg","datePublished":"2023-07-01T19:27:49+00:00","dateModified":"2025-08-16T16:48:52+00:00","description":"Le CD du Big Band Trad de Vend\u00e9e \u00ab\u00a0Danse bien, tourne bien !\u00a0\u00bb et son cahier de r\u00e9pertoire musical sont disponible \u00e0 la vente !","breadcrumb":{"@id":"https:\/\/ecolemusiquetradvendee.fr\/index.php\/le-big-band-trad\/le-cd-danse-bien-tourne-bien\/#breadcrumb"},"inLanguage":"fr-FR","potentialAction":[{"@type":"ReadAction","target":["https:\/\/ecolemusiquetradvendee.fr\/index.php\/le-big-band-trad\/le-cd-danse-bien-tourne-bien\/"]}]},{"@type":"ImageObject","inLanguage":"fr-FR","@id":"https:\/\/ecolemusiquetradvendee.fr\/index.php\/le-big-band-trad\/le-cd-danse-bien-tourne-bien\/#primaryimage","url":"https:\/\/arexcpo-envendee.fr\/wp\/wp-content\/uploads\/2022\/06\/CDcahier_BBT-300x291.jpg","contentUrl":"https:\/\/arexcpo-envendee.fr\/wp\/wp-content\/uploads\/2022\/06\/CDcahier_BBT-300x291.jpg"},{"@type":"BreadcrumbList","@id":"https:\/\/ecolemusiquetradvendee.fr\/index.php\/le-big-band-trad\/le-cd-danse-bien-tourne-bien\/#breadcrumb","itemListElement":[{"@type":"ListItem","position":1,"name":"Accueil","item":"https:\/\/ecolemusiquetradvendee.fr\/"},{"@type":"ListItem","position":2,"name":"Le Big Band Trad&rsquo; de Vend\u00e9e","item":"https:\/\/ecolemusiquetradvendee.fr\/index.php\/le-big-band-trad\/"},{"@type":"ListItem","position":3,"name":"Le CD \u00ab\u00a0Danse bien, tourne bien !\u00a0\u00bb"}]},{"@type":"WebSite","@id":"https:\/\/ecolemusiquetradvendee.fr\/#website","url":"https:\/\/ecolemusiquetradvendee.fr\/","name":"ecolemusiquetradvendee.fr","description":"","publisher":{"@id":"https:\/\/ecolemusiquetradvendee.fr\/#organization"},"potentialAction":[{"@type":"SearchAction","target":{"@type":"EntryPoint","urlTemplate":"https:\/\/ecolemusiquetradvendee.fr\/?s={search_term_string}"},"query-input":{"@type":"PropertyValueSpecification","valueRequired":true,"valueName":"search_term_string"}}],"inLanguage":"fr-FR"},{"@type":"Organization","@id":"https:\/\/ecolemusiquetradvendee.fr\/#organization","name":"F\u00e9d\u00e9ration de l'Ecole D\u00e9partementale de Musique Traditionnelle en Vend\u00e9e","url":"https:\/\/ecolemusiquetradvendee.fr\/","logo":{"@type":"ImageObject","inLanguage":"fr-FR","@id":"https:\/\/ecolemusiquetradvendee.fr\/#\/schema\/logo\/image\/","url":"https:\/\/ecolemusiquetradvendee.fr\/wp-content\/uploads\/2023\/06\/cropped-cropped-logo_fede_V2-e1686778642970.jpg","contentUrl":"https:\/\/ecolemusiquetradvendee.fr\/wp-content\/uploads\/2023\/06\/cropped-cropped-logo_fede_V2-e1686778642970.jpg","width":200,"height":200,"caption":"F\u00e9d\u00e9ration de l'Ecole D\u00e9partementale de Musique Traditionnelle en Vend\u00e9e"},"image":{"@id":"https:\/\/ecolemusiquetradvendee.fr\/#\/schema\/logo\/image\/"},"sameAs":["https:\/\/www.facebook.com\/EDMTV85"]}]}},"_links":{"self":[{"href":"https:\/\/ecolemusiquetradvendee.fr\/index.php\/wp-json\/wp\/v2\/pages\/4084","targetHints":{"allow":["GET"]}}],"collection":[{"href":"https:\/\/ecolemusiquetradvendee.fr\/index.php\/wp-json\/wp\/v2\/pages"}],"about":[{"href":"https:\/\/ecolemusiquetradvendee.fr\/index.php\/wp-json\/wp\/v2\/types\/page"}],"author":[{"embeddable":true,"href":"https:\/\/ecolemusiquetradvendee.fr\/index.php\/wp-json\/wp\/v2\/users\/1"}],"replies":[{"embeddable":true,"href":"https:\/\/ecolemusiquetradvendee.fr\/index.php\/wp-json\/wp\/v2\/comments?post=4084"}],"version-history":[{"count":6,"href":"https:\/\/ecolemusiquetradvendee.fr\/index.php\/wp-json\/wp\/v2\/pages\/4084\/revisions"}],"predecessor-version":[{"id":4190,"href":"https:\/\/ecolemusiquetradvendee.fr\/index.php\/wp-json\/wp\/v2\/pages\/4084\/revisions\/4190"}],"up":[{"embeddable":true,"href":"https:\/\/ecolemusiquetradvendee.fr\/index.php\/wp-json\/wp\/v2\/pages\/15"}],"wp:attachment":[{"href":"https:\/\/ecolemusiquetradvendee.fr\/index.php\/wp-json\/wp\/v2\/media?parent=4084"}],"curies":[{"name":"wp","href":"https:\/\/api.w.org\/{rel}","templated":true}]}}