{"id":55,"date":"2023-06-13T22:25:26","date_gmt":"2023-06-13T20:25:26","guid":{"rendered":"https:\/\/ecolemusiquetradvendee.fr\/?page_id=55"},"modified":"2025-08-16T18:48:52","modified_gmt":"2025-08-16T16:48:52","slug":"qui-sommes-nous-2","status":"publish","type":"page","link":"https:\/\/ecolemusiquetradvendee.fr\/index.php\/notre-ecole\/qui-sommes-nous-2\/","title":{"rendered":"Qui sommes-nous ?"},"content":{"rendered":"<div id=\"imCellStyle_2\">\n<div id=\"imTextObject_2_tab0\" class=\"text-tab-content\">\n<div class=\"text-inner\">\n<p style=\"text-align: center;\"><a class=\"maxbutton-5 maxbutton maxbutton-nos-cours\" href=\"https:\/\/ecolemusiquetradvendee.fr\/index.php\/notre-ecole\/cours-musique-chant\/\"><span class='mb-text'>Nos Cours de Musique et Chant<\/span><\/a> | <a class=\"maxbutton-6 maxbutton maxbutton-nos-professeurs\" href=\"https:\/\/ecolemusiquetradvendee.fr\/index.php\/notre-ecole\/nos-professeurs\/\"><span class='mb-text'>Nos Professeurs<\/span><\/a> | <a class=\"maxbutton-7 maxbutton maxbutton-s-inscrire\" href=\"https:\/\/ecolemusiquetradvendee.fr\/index.php\/notre-ecole\/sinscrire\/\"><span class='mb-text'>S&#039;inscrire<\/span><\/a><\/p>\n<p>&nbsp;<\/p>\n<p>&nbsp;<\/p>\n<h5><span class=\"ff1 cf0 fs22\"><img loading=\"lazy\" decoding=\"async\" class=\"alignright wp-image-3908 size-full\" src=\"https:\/\/ecolemusiquetradvendee.fr\/wp-content\/uploads\/2023\/06\/carte_vendee_03-copie.png\" alt=\"\" width=\"417\" height=\"299\" srcset=\"https:\/\/ecolemusiquetradvendee.fr\/wp-content\/uploads\/2023\/06\/carte_vendee_03-copie.png 417w, https:\/\/ecolemusiquetradvendee.fr\/wp-content\/uploads\/2023\/06\/carte_vendee_03-copie-300x215.png 300w\" sizes=\"auto, (max-width: 417px) 100vw, 417px\" \/>La <strong>F\u00e9d\u00e9ration de l&rsquo;<\/strong><\/span><span class=\"cf1 ff1 fs22\"><b>\u00c9cole D\u00e9partementale de Musique Traditionnelle en Vend\u00e9e<\/b>,<\/span><span class=\"cf0 ff1 fs22\"> constitu\u00e9e de trois associations, regroupe <em>3 antennes d&rsquo;enseignement<\/em> musical <\/span><span class=\"cf1 ff1 fs22\">rayonnant sur toute la Vend\u00e9e <\/span><span class=\"cf0 ff1 fs22\">:<\/span><\/h5>\n<div id=\"imCellStyle_2\">\n<div id=\"imTextObject_2_tab0\" class=\"text-tab-content\">\n<div class=\"text-inner\">\n<p><span class=\"cf0 ff1 fs22\">&#8211;<wbr \/> le nord-<wbr \/>ouest Vend\u00e9en repr\u00e9sent\u00e9 par la section <b><a class=\"imCssLink\" href=\"https:\/\/arexcpo-envendee.fr\/conservatoire-de-musiques-et-danses-traditionnelles\/\" target=\"_blank\" rel=\"noopener\">Conservatoire de Musiques et Danses Traditionnelles de l&rsquo;AREXCPO en Vend\u00e9e<\/a><\/b><br \/>\n&#8211;<wbr \/> le nord-<wbr \/>est repr\u00e9sent\u00e9 par <b><a class=\"imCssLink\" href=\"http:\/\/www.lesjoyeuxvendeens.fr\/\" target=\"_blank\" rel=\"noopener\">LES JOYEUX VENDEENS<\/a><\/b><br \/>\n&#8211;<wbr \/> le sud Vend\u00e9e repr\u00e9sent\u00e9 par l&rsquo;association <b><a class=\"imCssLink\" href=\"http:\/\/www.dactrad.fr\/\" target=\"_blank\" rel=\"noopener\">D.A.C.TRAD<\/a><\/b>.<\/span><span class=\"ff0 fs20\"><br \/>\n<\/span><\/p>\n<p>&nbsp;<\/p>\n<\/div>\n<div id=\"imCellStyle_9\">\n<div id=\"imTextObject_9_tab0\" class=\"text-tab-content\">\n<div class=\"text-inner\">\n<p><span class=\"ff1 cf0 fs22\">L&rsquo;\u00e9cole est n\u00e9e en 2000, \u00e0 l&rsquo;initiative des Joyeux Vend\u00e9ens pour le Bocage. Puis en 2002, avec l&rsquo;appui du D\u00e9partement de la Vend\u00e9e, les formations furent \u00e9tendues au Nord-<wbr \/>Est puis au Sud-<wbr \/>Vend\u00e9e.<\/span><\/p>\n<p>&nbsp;<\/p>\n<blockquote><p><span class=\"ff1 cf0 fs22\">Son objectif premier est de <strong>former \u00e0 la pratique d&rsquo;un instrument de musique traditionnelle <\/strong><strong>sur la base du r\u00e9pertoire musical traditionnel Vend\u00e9en<\/strong>.<\/span><\/p><\/blockquote>\n<p>&nbsp;<\/p>\n<p><span class=\"ff1 cf0 fs22\"><em>Son activit\u00e9 s&rsquo;est \u00e9largie \u00e0 la pratique vocale et la diffusion de la musique, de la danse et du chant traditionnel sur le territoire de la Vend\u00e9e<\/em>, notamment par des concerts, veill\u00e9es ou autres.<\/span><\/p>\n<\/div>\n<\/div>\n<\/div>\n<p>&nbsp;<\/p>\n<div id=\"imCellStyle_9\">\n<div id=\"imTextObject_9_tab0\" class=\"text-tab-content\">\n<div class=\"text-inner\">\n<h5><\/h5>\n<h4><span class=\"ff1 cf0 fs22\">Des cahiers intitul\u00e9s <em>R\u00e9pertoire Musical jou\u00e9 en Vend\u00e9e<\/em> ont \u00e9t\u00e9 co\u00e9dit\u00e9s, pendant 10 ans, par l&rsquo;<a href=\"http:\/\/www.ethnodoc.fr\/\" target=\"_blank\" rel=\"noopener\">OPCI-EthnoDoc<\/a>, Vend\u00e9e Patrimoine et la F\u00e9d\u00e9ration de l&rsquo;Ecole D\u00e9partementale de Musique Traditionnelle en Vend\u00e9e. Le r\u00e9pertoire compil\u00e9 dans ces cahiers a servi de base \u00e0 l&rsquo;\u00e9laboration de la plateforme musicale <em><a href=\"https:\/\/mustrad-vendee.fr\/\" target=\"_blank\" rel=\"noopener\">Mus&rsquo;Trad Vend\u00e9e<\/a><\/em> en 2023.<\/span><span class=\"ff2 fs20\"><br \/>\n<\/span><\/h4>\n<p>&nbsp;<\/p>\n<div id=\"imCellStyle_5\">\n<div id=\"imTextObject_5_tab0\" class=\"text-tab-content\">\n<div class=\"text-inner\">\n<h5><span class=\"ff1 cf0 fs22\">A partir de ce r\u00e9pertoire collect\u00e9, l&rsquo;\u00e9cole enseigne <em><strong>4 instruments<\/strong><\/em> <em>et le <b>chant <\/b>traditionnels<\/em> :<\/span><\/h5>\n<ul>\n<li><span class=\"cf1 ff1 fs22\"><b>L&rsquo;accord\u00e9on diatonique<\/b><\/span><\/li>\n<li><span class=\"cf1 ff1 fs22\"><b>La veuze <\/b>(cornemuse de l&rsquo;Ouest de la France)<\/span><\/li>\n<li><span class=\"cf1 ff1 fs22\"><b>La vielle \u00e0 roue<\/b><\/span><\/li>\n<li><span class=\"cf1 ff1 fs22\"><b>Le violon trad&rsquo;<\/b><\/span><span class=\"cf0 ff1 fs22\"><br \/>\n<\/span><\/li>\n<\/ul>\n<\/div>\n<\/div>\n<\/div>\n<\/div>\n<p>&nbsp;<\/p>\n<div class=\"text-inner\">\n<div id=\"imCellStyle_5\">\n<div id=\"imTextObject_5_tab0\" class=\"text-tab-content\">\n<div class=\"text-inner\">\n<blockquote><p><span class=\"cf0 ff1 fs22\">Comme nos anc\u00eatres qui jouaient de \u00ab\u00a0routine\u00a0\u00bb ou d&rsquo;oreille, l&rsquo;enseignement de la musique traditionnelle ne demande pas de connaissances<\/span><span class=\"cf1 ff1 fs22\"> n\u00e9cessaires du solf\u00e8ge pour pouvoir en jouer. Nos cours sont adapt\u00e9s \u00e0 tous niveaux.<\/span><span class=\"ff0 fs20\"><br \/>\n<\/span><\/p><\/blockquote>\n<\/div>\n<\/div>\n<p>&nbsp;<\/p>\n<p style=\"text-align: center;\"><a class=\"maxbutton-5 maxbutton maxbutton-nos-cours\" href=\"https:\/\/ecolemusiquetradvendee.fr\/index.php\/notre-ecole\/cours-musique-chant\/\"><span class='mb-text'>Nos Cours de Musique et Chant<\/span><\/a> | <a class=\"maxbutton-6 maxbutton maxbutton-nos-professeurs\" href=\"https:\/\/ecolemusiquetradvendee.fr\/index.php\/notre-ecole\/nos-professeurs\/\"><span class='mb-text'>Nos Professeurs<\/span><\/a> | <a class=\"maxbutton-7 maxbutton maxbutton-s-inscrire\" href=\"https:\/\/ecolemusiquetradvendee.fr\/index.php\/notre-ecole\/sinscrire\/\"><span class='mb-text'>S&#039;inscrire<\/span><\/a><\/p>\n<\/div>\n<\/div>\n<\/div>\n<\/div>\n<\/div>\n<\/div>\n<\/div>\n<\/div>\n<\/div>\n","protected":false},"excerpt":{"rendered":"<p>| | &nbsp; &nbsp; La F\u00e9d\u00e9ration de l&rsquo;\u00c9cole D\u00e9partementale de Musique Traditionnelle en Vend\u00e9e, constitu\u00e9e de trois associations, regroupe 3 antennes d&rsquo;enseignement musical rayonnant sur toute la Vend\u00e9e : &#8211; le nord-ouest Vend\u00e9en repr\u00e9sent\u00e9 par la section Conservatoire de Musiques et Danses Traditionnelles de l&rsquo;AREXCPO en Vend\u00e9e &#8211; le nord-est repr\u00e9sent\u00e9 par LES JOYEUX VENDEENS [&hellip;]<\/p>\n","protected":false},"author":1,"featured_media":0,"parent":21,"menu_order":0,"comment_status":"closed","ping_status":"closed","template":"","meta":{"footnotes":""},"class_list":["post-55","page","type-page","status-publish","hentry"],"yoast_head":"<!-- This site is optimized with the Yoast SEO plugin v27.1.1 - https:\/\/yoast.com\/product\/yoast-seo-wordpress\/ -->\n<title>Qui sommes-nous ? - F\u00e9d\u00e9ration de l&#039;Ecole D\u00e9partementale de Musique Traditionnelle en Vend\u00e9e<\/title>\n<meta name=\"description\" content=\"L&#039;objectif de l&#039;\u00e9cole est de former \u00e0 la pratique d&#039;un instrument de musique traditionnelle sur la base du r\u00e9pertoire musical traditionnel Vend\u00e9en.\" \/>\n<meta name=\"robots\" content=\"index, follow, max-snippet:-1, max-image-preview:large, max-video-preview:-1\" \/>\n<link rel=\"canonical\" href=\"https:\/\/ecolemusiquetradvendee.fr\/index.php\/notre-ecole\/qui-sommes-nous-2\/\" \/>\n<meta property=\"og:locale\" content=\"fr_FR\" \/>\n<meta property=\"og:type\" content=\"article\" \/>\n<meta property=\"og:title\" content=\"Qui sommes-nous ? - F\u00e9d\u00e9ration de l&#039;Ecole D\u00e9partementale de Musique Traditionnelle en Vend\u00e9e\" \/>\n<meta property=\"og:description\" content=\"L&#039;objectif de l&#039;\u00e9cole est de former \u00e0 la pratique d&#039;un instrument de musique traditionnelle sur la base du r\u00e9pertoire musical traditionnel Vend\u00e9en.\" \/>\n<meta property=\"og:url\" content=\"https:\/\/ecolemusiquetradvendee.fr\/index.php\/notre-ecole\/qui-sommes-nous-2\/\" \/>\n<meta property=\"og:site_name\" content=\"F\u00e9d\u00e9ration de l&#039;Ecole D\u00e9partementale de Musique Traditionnelle en Vend\u00e9e\" \/>\n<meta property=\"article:publisher\" content=\"https:\/\/www.facebook.com\/EDMTV85\" \/>\n<meta property=\"article:modified_time\" content=\"2025-08-16T16:48:52+00:00\" \/>\n<meta property=\"og:image\" content=\"https:\/\/ecolemusiquetradvendee.fr\/wp-content\/uploads\/2023\/06\/carte_vendee_03-copie.png\" \/>\n\t<meta property=\"og:image:width\" content=\"417\" \/>\n\t<meta property=\"og:image:height\" content=\"299\" \/>\n\t<meta property=\"og:image:type\" content=\"image\/png\" \/>\n<meta name=\"twitter:card\" content=\"summary_large_image\" \/>\n<meta name=\"twitter:label1\" content=\"Dur\u00e9e de lecture estim\u00e9e\" \/>\n\t<meta name=\"twitter:data1\" content=\"2 minutes\" \/>\n<script type=\"application\/ld+json\" class=\"yoast-schema-graph\">{\"@context\":\"https:\/\/schema.org\",\"@graph\":[{\"@type\":\"WebPage\",\"@id\":\"https:\/\/ecolemusiquetradvendee.fr\/index.php\/notre-ecole\/qui-sommes-nous-2\/\",\"url\":\"https:\/\/ecolemusiquetradvendee.fr\/index.php\/notre-ecole\/qui-sommes-nous-2\/\",\"name\":\"Qui sommes-nous ? - F\u00e9d\u00e9ration de l&#039;Ecole D\u00e9partementale de Musique Traditionnelle en Vend\u00e9e\",\"isPartOf\":{\"@id\":\"https:\/\/ecolemusiquetradvendee.fr\/#website\"},\"primaryImageOfPage\":{\"@id\":\"https:\/\/ecolemusiquetradvendee.fr\/index.php\/notre-ecole\/qui-sommes-nous-2\/#primaryimage\"},\"image\":{\"@id\":\"https:\/\/ecolemusiquetradvendee.fr\/index.php\/notre-ecole\/qui-sommes-nous-2\/#primaryimage\"},\"thumbnailUrl\":\"https:\/\/ecolemusiquetradvendee.fr\/wp-content\/uploads\/2023\/06\/carte_vendee_03-copie.png\",\"datePublished\":\"2023-06-13T20:25:26+00:00\",\"dateModified\":\"2025-08-16T16:48:52+00:00\",\"description\":\"L'objectif de l'\u00e9cole est de former \u00e0 la pratique d'un instrument de musique traditionnelle sur la base du r\u00e9pertoire musical traditionnel Vend\u00e9en.\",\"breadcrumb\":{\"@id\":\"https:\/\/ecolemusiquetradvendee.fr\/index.php\/notre-ecole\/qui-sommes-nous-2\/#breadcrumb\"},\"inLanguage\":\"fr-FR\",\"potentialAction\":[{\"@type\":\"ReadAction\",\"target\":[\"https:\/\/ecolemusiquetradvendee.fr\/index.php\/notre-ecole\/qui-sommes-nous-2\/\"]}]},{\"@type\":\"ImageObject\",\"inLanguage\":\"fr-FR\",\"@id\":\"https:\/\/ecolemusiquetradvendee.fr\/index.php\/notre-ecole\/qui-sommes-nous-2\/#primaryimage\",\"url\":\"https:\/\/ecolemusiquetradvendee.fr\/wp-content\/uploads\/2023\/06\/carte_vendee_03-copie.png\",\"contentUrl\":\"https:\/\/ecolemusiquetradvendee.fr\/wp-content\/uploads\/2023\/06\/carte_vendee_03-copie.png\",\"width\":417,\"height\":299},{\"@type\":\"BreadcrumbList\",\"@id\":\"https:\/\/ecolemusiquetradvendee.fr\/index.php\/notre-ecole\/qui-sommes-nous-2\/#breadcrumb\",\"itemListElement\":[{\"@type\":\"ListItem\",\"position\":1,\"name\":\"Accueil\",\"item\":\"https:\/\/ecolemusiquetradvendee.fr\/\"},{\"@type\":\"ListItem\",\"position\":2,\"name\":\"L&rsquo;\u00e9cole de Musique\",\"item\":\"https:\/\/ecolemusiquetradvendee.fr\/index.php\/notre-ecole\/\"},{\"@type\":\"ListItem\",\"position\":3,\"name\":\"Qui sommes-nous ?\"}]},{\"@type\":\"WebSite\",\"@id\":\"https:\/\/ecolemusiquetradvendee.fr\/#website\",\"url\":\"https:\/\/ecolemusiquetradvendee.fr\/\",\"name\":\"ecolemusiquetradvendee.fr\",\"description\":\"\",\"publisher\":{\"@id\":\"https:\/\/ecolemusiquetradvendee.fr\/#organization\"},\"potentialAction\":[{\"@type\":\"SearchAction\",\"target\":{\"@type\":\"EntryPoint\",\"urlTemplate\":\"https:\/\/ecolemusiquetradvendee.fr\/?s={search_term_string}\"},\"query-input\":{\"@type\":\"PropertyValueSpecification\",\"valueRequired\":true,\"valueName\":\"search_term_string\"}}],\"inLanguage\":\"fr-FR\"},{\"@type\":\"Organization\",\"@id\":\"https:\/\/ecolemusiquetradvendee.fr\/#organization\",\"name\":\"F\u00e9d\u00e9ration de l'Ecole D\u00e9partementale de Musique Traditionnelle en Vend\u00e9e\",\"url\":\"https:\/\/ecolemusiquetradvendee.fr\/\",\"logo\":{\"@type\":\"ImageObject\",\"inLanguage\":\"fr-FR\",\"@id\":\"https:\/\/ecolemusiquetradvendee.fr\/#\/schema\/logo\/image\/\",\"url\":\"https:\/\/ecolemusiquetradvendee.fr\/wp-content\/uploads\/2023\/06\/cropped-cropped-logo_fede_V2-e1686778642970.jpg\",\"contentUrl\":\"https:\/\/ecolemusiquetradvendee.fr\/wp-content\/uploads\/2023\/06\/cropped-cropped-logo_fede_V2-e1686778642970.jpg\",\"width\":200,\"height\":200,\"caption\":\"F\u00e9d\u00e9ration de l'Ecole D\u00e9partementale de Musique Traditionnelle en Vend\u00e9e\"},\"image\":{\"@id\":\"https:\/\/ecolemusiquetradvendee.fr\/#\/schema\/logo\/image\/\"},\"sameAs\":[\"https:\/\/www.facebook.com\/EDMTV85\"]}]}<\/script>\n<!-- \/ Yoast SEO plugin. -->","yoast_head_json":{"title":"Qui sommes-nous ? - F\u00e9d\u00e9ration de l&#039;Ecole D\u00e9partementale de Musique Traditionnelle en Vend\u00e9e","description":"L'objectif de l'\u00e9cole est de former \u00e0 la pratique d'un instrument de musique traditionnelle sur la base du r\u00e9pertoire musical traditionnel Vend\u00e9en.","robots":{"index":"index","follow":"follow","max-snippet":"max-snippet:-1","max-image-preview":"max-image-preview:large","max-video-preview":"max-video-preview:-1"},"canonical":"https:\/\/ecolemusiquetradvendee.fr\/index.php\/notre-ecole\/qui-sommes-nous-2\/","og_locale":"fr_FR","og_type":"article","og_title":"Qui sommes-nous ? - F\u00e9d\u00e9ration de l&#039;Ecole D\u00e9partementale de Musique Traditionnelle en Vend\u00e9e","og_description":"L'objectif de l'\u00e9cole est de former \u00e0 la pratique d'un instrument de musique traditionnelle sur la base du r\u00e9pertoire musical traditionnel Vend\u00e9en.","og_url":"https:\/\/ecolemusiquetradvendee.fr\/index.php\/notre-ecole\/qui-sommes-nous-2\/","og_site_name":"F\u00e9d\u00e9ration de l&#039;Ecole D\u00e9partementale de Musique Traditionnelle en Vend\u00e9e","article_publisher":"https:\/\/www.facebook.com\/EDMTV85","article_modified_time":"2025-08-16T16:48:52+00:00","og_image":[{"width":417,"height":299,"url":"https:\/\/ecolemusiquetradvendee.fr\/wp-content\/uploads\/2023\/06\/carte_vendee_03-copie.png","type":"image\/png"}],"twitter_card":"summary_large_image","twitter_misc":{"Dur\u00e9e de lecture estim\u00e9e":"2 minutes"},"schema":{"@context":"https:\/\/schema.org","@graph":[{"@type":"WebPage","@id":"https:\/\/ecolemusiquetradvendee.fr\/index.php\/notre-ecole\/qui-sommes-nous-2\/","url":"https:\/\/ecolemusiquetradvendee.fr\/index.php\/notre-ecole\/qui-sommes-nous-2\/","name":"Qui sommes-nous ? - F\u00e9d\u00e9ration de l&#039;Ecole D\u00e9partementale de Musique Traditionnelle en Vend\u00e9e","isPartOf":{"@id":"https:\/\/ecolemusiquetradvendee.fr\/#website"},"primaryImageOfPage":{"@id":"https:\/\/ecolemusiquetradvendee.fr\/index.php\/notre-ecole\/qui-sommes-nous-2\/#primaryimage"},"image":{"@id":"https:\/\/ecolemusiquetradvendee.fr\/index.php\/notre-ecole\/qui-sommes-nous-2\/#primaryimage"},"thumbnailUrl":"https:\/\/ecolemusiquetradvendee.fr\/wp-content\/uploads\/2023\/06\/carte_vendee_03-copie.png","datePublished":"2023-06-13T20:25:26+00:00","dateModified":"2025-08-16T16:48:52+00:00","description":"L'objectif de l'\u00e9cole est de former \u00e0 la pratique d'un instrument de musique traditionnelle sur la base du r\u00e9pertoire musical traditionnel Vend\u00e9en.","breadcrumb":{"@id":"https:\/\/ecolemusiquetradvendee.fr\/index.php\/notre-ecole\/qui-sommes-nous-2\/#breadcrumb"},"inLanguage":"fr-FR","potentialAction":[{"@type":"ReadAction","target":["https:\/\/ecolemusiquetradvendee.fr\/index.php\/notre-ecole\/qui-sommes-nous-2\/"]}]},{"@type":"ImageObject","inLanguage":"fr-FR","@id":"https:\/\/ecolemusiquetradvendee.fr\/index.php\/notre-ecole\/qui-sommes-nous-2\/#primaryimage","url":"https:\/\/ecolemusiquetradvendee.fr\/wp-content\/uploads\/2023\/06\/carte_vendee_03-copie.png","contentUrl":"https:\/\/ecolemusiquetradvendee.fr\/wp-content\/uploads\/2023\/06\/carte_vendee_03-copie.png","width":417,"height":299},{"@type":"BreadcrumbList","@id":"https:\/\/ecolemusiquetradvendee.fr\/index.php\/notre-ecole\/qui-sommes-nous-2\/#breadcrumb","itemListElement":[{"@type":"ListItem","position":1,"name":"Accueil","item":"https:\/\/ecolemusiquetradvendee.fr\/"},{"@type":"ListItem","position":2,"name":"L&rsquo;\u00e9cole de Musique","item":"https:\/\/ecolemusiquetradvendee.fr\/index.php\/notre-ecole\/"},{"@type":"ListItem","position":3,"name":"Qui sommes-nous ?"}]},{"@type":"WebSite","@id":"https:\/\/ecolemusiquetradvendee.fr\/#website","url":"https:\/\/ecolemusiquetradvendee.fr\/","name":"ecolemusiquetradvendee.fr","description":"","publisher":{"@id":"https:\/\/ecolemusiquetradvendee.fr\/#organization"},"potentialAction":[{"@type":"SearchAction","target":{"@type":"EntryPoint","urlTemplate":"https:\/\/ecolemusiquetradvendee.fr\/?s={search_term_string}"},"query-input":{"@type":"PropertyValueSpecification","valueRequired":true,"valueName":"search_term_string"}}],"inLanguage":"fr-FR"},{"@type":"Organization","@id":"https:\/\/ecolemusiquetradvendee.fr\/#organization","name":"F\u00e9d\u00e9ration de l'Ecole D\u00e9partementale de Musique Traditionnelle en Vend\u00e9e","url":"https:\/\/ecolemusiquetradvendee.fr\/","logo":{"@type":"ImageObject","inLanguage":"fr-FR","@id":"https:\/\/ecolemusiquetradvendee.fr\/#\/schema\/logo\/image\/","url":"https:\/\/ecolemusiquetradvendee.fr\/wp-content\/uploads\/2023\/06\/cropped-cropped-logo_fede_V2-e1686778642970.jpg","contentUrl":"https:\/\/ecolemusiquetradvendee.fr\/wp-content\/uploads\/2023\/06\/cropped-cropped-logo_fede_V2-e1686778642970.jpg","width":200,"height":200,"caption":"F\u00e9d\u00e9ration de l'Ecole D\u00e9partementale de Musique Traditionnelle en Vend\u00e9e"},"image":{"@id":"https:\/\/ecolemusiquetradvendee.fr\/#\/schema\/logo\/image\/"},"sameAs":["https:\/\/www.facebook.com\/EDMTV85"]}]}},"_links":{"self":[{"href":"https:\/\/ecolemusiquetradvendee.fr\/index.php\/wp-json\/wp\/v2\/pages\/55","targetHints":{"allow":["GET"]}}],"collection":[{"href":"https:\/\/ecolemusiquetradvendee.fr\/index.php\/wp-json\/wp\/v2\/pages"}],"about":[{"href":"https:\/\/ecolemusiquetradvendee.fr\/index.php\/wp-json\/wp\/v2\/types\/page"}],"author":[{"embeddable":true,"href":"https:\/\/ecolemusiquetradvendee.fr\/index.php\/wp-json\/wp\/v2\/users\/1"}],"replies":[{"embeddable":true,"href":"https:\/\/ecolemusiquetradvendee.fr\/index.php\/wp-json\/wp\/v2\/comments?post=55"}],"version-history":[{"count":5,"href":"https:\/\/ecolemusiquetradvendee.fr\/index.php\/wp-json\/wp\/v2\/pages\/55\/revisions"}],"predecessor-version":[{"id":4224,"href":"https:\/\/ecolemusiquetradvendee.fr\/index.php\/wp-json\/wp\/v2\/pages\/55\/revisions\/4224"}],"up":[{"embeddable":true,"href":"https:\/\/ecolemusiquetradvendee.fr\/index.php\/wp-json\/wp\/v2\/pages\/21"}],"wp:attachment":[{"href":"https:\/\/ecolemusiquetradvendee.fr\/index.php\/wp-json\/wp\/v2\/media?parent=55"}],"curies":[{"name":"wp","href":"https:\/\/api.w.org\/{rel}","templated":true}]}}